{"id":6132,"date":"2022-04-14T10:29:11","date_gmt":"2022-04-14T08:29:11","guid":{"rendered":"https:\/\/becquel.com\/ofertes-de-treball\/"},"modified":"2022-06-23T11:19:06","modified_gmt":"2022-06-23T09:19:06","slug":"ofertas-de-trabajo","status":"publish","type":"page","link":"https:\/\/becquel.com\/es\/ofertas-de-trabajo\/","title":{"rendered":"Ofertas de trabajo"},"content":{"rendered":"\t\t<div data-elementor-type=\"wp-page\" data-elementor-id=\"6132\" class=\"elementor elementor-6132 elementor-1543\" data-elementor-post-type=\"page\">\n\t\t\t\t\t\t\t\t\t<section class=\"elementor-section elementor-top-section elementor-element elementor-element-da2fbb8 elementor-section-height-min-height elementor-section-items-stretch v-header elementor-section-boxed elementor-section-height-default\" data-id=\"da2fbb8\" data-element_type=\"section\" data-settings=\"{&quot;background_background&quot;:&quot;classic&quot;}\">\n\t\t\t\t\t\t\t<div class=\"elementor-background-overlay\"><\/div>\n\t\t\t\t\t\t\t<div class=\"elementor-container elementor-column-gap-default\">\n\t\t\t\t\t<div class=\"elementor-column elementor-col-100 elementor-top-column elementor-element elementor-element-e964732\" data-id=\"e964732\" data-element_type=\"column\">\n\t\t\t<div class=\"elementor-widget-wrap elementor-element-populated\">\n\t\t\t\t\t\t\t\t<div class=\"elementor-element elementor-element-aacfe53 v-title elementor-widget elementor-widget-heading\" data-id=\"aacfe53\" data-element_type=\"widget\" data-widget_type=\"heading.default\">\n\t\t\t\t<div class=\"elementor-widget-container\">\n\t\t\t<div class=\"elementor-heading-title elementor-size-default\">Treballa amb nosaltres<\/div>\t\t<\/div>\n\t\t\t\t<\/div>\n\t\t\t\t\t<\/div>\n\t\t<\/div>\n\t\t\t\t\t\t\t<\/div>\n\t\t<\/section>\n\t\t\t\t<section class=\"elementor-section elementor-top-section elementor-element elementor-element-8bd8693 elementor-section-boxed elementor-section-height-default elementor-section-height-default\" data-id=\"8bd8693\" data-element_type=\"section\">\n\t\t\t\t\t\t<div class=\"elementor-container elementor-column-gap-default\">\n\t\t\t\t\t<div class=\"elementor-column elementor-col-50 elementor-top-column elementor-element elementor-element-05e4c86\" data-id=\"05e4c86\" data-element_type=\"column\">\n\t\t\t<div class=\"elementor-widget-wrap elementor-element-populated\">\n\t\t\t\t\t\t\t\t<div class=\"elementor-element elementor-element-e8bc92c v-title-secundary elementor-widget elementor-widget-heading\" data-id=\"e8bc92c\" data-element_type=\"widget\" data-widget_type=\"heading.default\">\n\t\t\t\t<div class=\"elementor-widget-container\">\n\t\t\t<h2 class=\"elementor-heading-title elementor-size-default\">Ofertas de trabajo<\/h2>\t\t<\/div>\n\t\t\t\t<\/div>\n\t\t\t\t<div class=\"elementor-element elementor-element-c7f5925 elementor-widget elementor-widget-heading\" data-id=\"c7f5925\" data-element_type=\"widget\" data-widget_type=\"heading.default\">\n\t\t\t\t<div class=\"elementor-widget-container\">\n\t\t\t<h1 class=\"elementor-heading-title elementor-size-default\">T'agradaria formar part del nostre equip?<\/h1>\t\t<\/div>\n\t\t\t\t<\/div>\n\t\t\t\t<div class=\"elementor-element elementor-element-59472ce elementor-widget elementor-widget-text-editor\" data-id=\"59472ce\" data-element_type=\"widget\" data-widget_type=\"text-editor.default\">\n\t\t\t\t<div class=\"elementor-widget-container\">\n\t\t\t\t\t\t\t<p>Si creus que tens un perfil que pot encaixar en un ambient multidisciplinar on podr\u00e0s aprendre i tamb\u00e9 fer les teves aportacions, no dubtis en enviar-nos la teva sol\u00b7licitud!<\/p>\t\t\t\t\t\t<\/div>\n\t\t\t\t<\/div>\n\t\t\t\t\t<\/div>\n\t\t<\/div>\n\t\t\t\t<div class=\"elementor-column elementor-col-50 elementor-top-column elementor-element elementor-element-a0566c7\" data-id=\"a0566c7\" data-element_type=\"column\">\n\t\t\t<div class=\"elementor-widget-wrap elementor-element-populated\">\n\t\t\t\t\t\t\t\t<div class=\"elementor-element elementor-element-38f01b8 elementor-align-right elementor-tablet-align-center elementor-widget elementor-widget-button\" data-id=\"38f01b8\" data-element_type=\"widget\" data-widget_type=\"button.default\">\n\t\t\t\t<div class=\"elementor-widget-container\">\n\t\t\t\t\t<div class=\"elementor-button-wrapper\">\n\t\t\t<a class=\"elementor-button elementor-button-link elementor-size-lg\" href=\"https:\/\/becquel.com\/contactar-becquel\/\">\n\t\t\t\t\t\t<span class=\"elementor-button-content-wrapper\">\n\t\t\t\t\t\t<span class=\"elementor-button-icon elementor-align-icon-right\">\n\t\t\t\t<i aria-hidden=\"true\" class=\"fas fa-arrow-right\"><\/i>\t\t\t<\/span>\n\t\t\t\t\t\t<span class=\"elementor-button-text\">Envia'ns el teu CV<\/span>\n\t\t<\/span>\n\t\t\t\t\t<\/a>\n\t\t<\/div>\n\t\t\t\t<\/div>\n\t\t\t\t<\/div>\n\t\t\t\t\t<\/div>\n\t\t<\/div>\n\t\t\t\t\t\t\t<\/div>\n\t\t<\/section>\n\t\t\t\t<div class=\"elementor-section elementor-top-section elementor-element elementor-element-e555300 elementor-section-stretched elementor-section-boxed elementor-section-height-default elementor-section-height-default\" data-id=\"e555300\" data-element_type=\"section\" data-settings=\"{&quot;stretch_section&quot;:&quot;section-stretched&quot;}\">\n\t\t\t\t\t\t<div class=\"elementor-container elementor-column-gap-default\">\n\t\t\t\t\t<div class=\"elementor-column elementor-col-100 elementor-top-column elementor-element elementor-element-d4e4188 v-grid-3\" data-id=\"d4e4188\" data-element_type=\"column\">\n\t\t\t<div class=\"elementor-widget-wrap elementor-element-populated\">\n\t\t\t\t\t\t\t\t<div class=\"elementor-element elementor-element-0452b12 v-btn-radius elementor-cta--skin-classic elementor-animated-content elementor-bg-transform elementor-bg-transform-zoom-in elementor-widget elementor-widget-call-to-action\" data-id=\"0452b12\" data-element_type=\"widget\" data-widget_type=\"call-to-action.default\">\n\t\t\t\t<div class=\"elementor-widget-container\">\n\t\t\t\t\t<a class=\"elementor-cta broken_link\" href=\"https:\/\/www.infojobs.net\/alcarras\/tecnico-instalaciones-fotovoltaicas\/of-i7eefe517324b1586e82671a510d153?applicationOrigin=Corporativas-DB\" target=\"_blank\">\n\t\t\t\t\t<div class=\"elementor-cta__bg-wrapper\">\n\t\t\t\t<div class=\"elementor-cta__bg elementor-bg\" style=\"background-image: url(https:\/\/becquel.com\/wp-content\/uploads\/P2012743-1024x576.jpg);\" role=\"img\" aria-label=\"OLYMPUS DIGITAL CAMERA\"><\/div>\n\t\t\t\t<div class=\"elementor-cta__bg-overlay\"><\/div>\n\t\t\t<\/div>\n\t\t\t\t\t\t\t<div class=\"elementor-cta__content\">\n\t\t\t\t\n\t\t\t\t\t\t\t\t\t<h3 class=\"elementor-cta__title elementor-cta__content-item elementor-content-item\">\n\t\t\t\t\t\tT\u00e8cnic\/a d'instal\u00b7lacions fotovoltaiques\t\t\t\t\t<\/h3>\n\t\t\t\t\n\t\t\t\t\t\t\t\t\t<div class=\"elementor-cta__description elementor-cta__content-item elementor-content-item\">\n\t\t\t\t\t\tCerquem t\u00e8cnics o t\u00e8cniques en instal\u00b7laci\u00f3 de panells solars amb coneixements d'electricitat. Podeu consultar m\u00e9s informaci\u00f3 a l'oferta d'infojobs.\t\t\t\t\t<\/div>\n\t\t\t\t\n\t\t\t\t\t\t\t\t\t<div class=\"elementor-cta__button-wrapper elementor-cta__content-item elementor-content-item \">\n\t\t\t\t\t<span class=\"elementor-cta__button elementor-button elementor-size-sm\">\n\t\t\t\t\t\tVeure oferta\t\t\t\t\t<\/span>\n\t\t\t\t\t<\/div>\n\t\t\t\t\t\t\t<\/div>\n\t\t\t\t\t\t<\/a>\n\t\t\t\t<\/div>\n\t\t\t\t<\/div>\n\t\t\t\t<div class=\"elementor-element elementor-element-c4fb50a v-btn-radius elementor-cta--skin-classic elementor-animated-content elementor-bg-transform elementor-bg-transform-zoom-in elementor-widget elementor-widget-call-to-action\" data-id=\"c4fb50a\" data-element_type=\"widget\" data-widget_type=\"call-to-action.default\">\n\t\t\t\t<div class=\"elementor-widget-container\">\n\t\t\t\t\t<a class=\"elementor-cta broken_link\" href=\"https:\/\/www.infojobs.net\/becquel\/em-i98505356525351826978698019146023801112\" target=\"_blank\">\n\t\t\t\t\t<div class=\"elementor-cta__bg-wrapper\">\n\t\t\t\t<div class=\"elementor-cta__bg elementor-bg\" style=\"background-image: url(https:\/\/becquel.com\/wp-content\/uploads\/P1252596-1024x576.jpg);\" role=\"img\" aria-label=\"OLYMPUS DIGITAL CAMERA\"><\/div>\n\t\t\t\t<div class=\"elementor-cta__bg-overlay\"><\/div>\n\t\t\t<\/div>\n\t\t\t\t\t\t\t<div class=\"elementor-cta__content\">\n\t\t\t\t\n\t\t\t\t\t\t\t\t\t<h3 class=\"elementor-cta__title elementor-cta__content-item elementor-content-item\">\n\t\t\t\t\t\tT\u00e8cnic\/a de projectes fotovoltaics industrial\t\t\t\t\t<\/h3>\n\t\t\t\t\n\t\t\t\t\t\t\t\t\t<div class=\"elementor-cta__description elementor-cta__content-item elementor-content-item\">\n\t\t\t\t\t\tCerquem una persona amb experi\u00e8ncia en el mercat fotovoltaic per realitzar propostes fotovoltaiques, assessorament i seguiment d'instal\u00b7lacions i gestions administratives.\t\t\t\t\t<\/div>\n\t\t\t\t\n\t\t\t\t\t\t\t\t\t<div class=\"elementor-cta__button-wrapper elementor-cta__content-item elementor-content-item \">\n\t\t\t\t\t<span class=\"elementor-cta__button elementor-button elementor-size-sm\">\n\t\t\t\t\t\tVeure oferta\t\t\t\t\t<\/span>\n\t\t\t\t\t<\/div>\n\t\t\t\t\t\t\t<\/div>\n\t\t\t\t\t\t<\/a>\n\t\t\t\t<\/div>\n\t\t\t\t<\/div>\n\t\t\t\t<div class=\"elementor-element elementor-element-90c5a5d v-btn-radius elementor-cta--skin-classic elementor-animated-content elementor-bg-transform elementor-bg-transform-zoom-in elementor-widget elementor-widget-call-to-action\" data-id=\"90c5a5d\" data-element_type=\"widget\" data-widget_type=\"call-to-action.default\">\n\t\t\t\t<div class=\"elementor-widget-container\">\n\t\t\t\t\t<a class=\"elementor-cta broken_link\" href=\"https:\/\/www.infojobs.net\/becquel\/em-i98505356525351826978698019146023801112\" target=\"_blank\">\n\t\t\t\t\t<div class=\"elementor-cta__bg-wrapper\">\n\t\t\t\t<div class=\"elementor-cta__bg elementor-bg\" style=\"background-image: url(https:\/\/becquel.com\/wp-content\/uploads\/P5193712-1024x576.jpg);\" role=\"img\" aria-label=\"OLYMPUS DIGITAL CAMERA\"><\/div>\n\t\t\t\t<div class=\"elementor-cta__bg-overlay\"><\/div>\n\t\t\t<\/div>\n\t\t\t\t\t\t\t<div class=\"elementor-cta__content\">\n\t\t\t\t\n\t\t\t\t\t\t\t\t\t<h3 class=\"elementor-cta__title elementor-cta__content-item elementor-content-item\">\n\t\t\t\t\t\tT\u00e8cnic\/a d'instal\u00b7lacions fotovoltaiques\t\t\t\t\t<\/h3>\n\t\t\t\t\n\t\t\t\t\t\t\t\t\t<div class=\"elementor-cta__description elementor-cta__content-item elementor-content-item\">\n\t\t\t\t\t\tCerquem t\u00e8cnics o t\u00e8cniques en instal\u00b7laci\u00f3 de panells solars amb coneixements d'electricitat. Podeu consultar m\u00e9s informaci\u00f3 a l'oferta d'infojobs.\u200b\t\t\t\t\t<\/div>\n\t\t\t\t\n\t\t\t\t\t\t\t\t\t<div class=\"elementor-cta__button-wrapper elementor-cta__content-item elementor-content-item \">\n\t\t\t\t\t<span class=\"elementor-cta__button elementor-button elementor-size-sm\">\n\t\t\t\t\t\tVeure oferta\t\t\t\t\t<\/span>\n\t\t\t\t\t<\/div>\n\t\t\t\t\t\t\t<\/div>\n\t\t\t\t\t\t<\/a>\n\t\t\t\t<\/div>\n\t\t\t\t<\/div>\n\t\t\t\t\t<\/div>\n\t\t<\/div>\n\t\t\t\t\t\t\t<\/div>\n\t\t<\/div>\n\t\t\t\t\t\t\t<\/div>\n\t\t","protected":false},"excerpt":{"rendered":"<p>Treballa amb nosaltres T&#8217;agradaria formar part del nostre equip? Si creus que tens un perfil que pot encaixar en un ambient multidisciplinar on podr\u00e0s aprendre i tamb\u00e9 fer les teves aportacions, no dubtis en enviar-nos la teva sol\u00b7licitud! Envia&#8217;ns el teu CV T\u00e8cnic\/a d&#8217;instal\u00b7lacions fotovoltaiques Cerquem t\u00e8cnics o t\u00e8cniques en instal\u00b7laci\u00f3 de panells solars amb [&hellip;]<\/p>\n","protected":false},"author":6,"featured_media":13166,"parent":0,"menu_order":8,"comment_status":"closed","ping_status":"closed","template":"elementor_theme","meta":[],"acf":[],"yoast_head":"<!-- This site is optimized with the Yoast SEO plugin v19.0 - https:\/\/yoast.com\/wordpress\/plugins\/seo\/ -->\n<title>Ofertas de trabajo | Becquel<\/title>\n<meta name=\"description\" content=\"Consulta aqu\u00ed las ofertas de trabajo vigentes de Becquel, energ\u00eda solar fotovoltaica\" \/>\n<meta name=\"robots\" content=\"index, follow, max-snippet:-1, max-image-preview:large, max-video-preview:-1\" \/>\n<link rel=\"canonical\" href=\"https:\/\/becquel.com\/es\/ofertas-de-trabajo\/\" \/>\n<meta property=\"og:locale\" content=\"es_ES\" \/>\n<meta property=\"og:type\" content=\"article\" \/>\n<meta property=\"og:title\" content=\"Ofertas de trabajo | Becquel\" \/>\n<meta property=\"og:description\" content=\"Consulta aqu\u00ed las ofertas de trabajo vigentes de Becquel, energ\u00eda solar fotovoltaica\" \/>\n<meta property=\"og:url\" content=\"https:\/\/becquel.com\/es\/ofertas-de-trabajo\/\" \/>\n<meta property=\"og:site_name\" content=\"Becquel\" \/>\n<meta property=\"article:publisher\" content=\"https:\/\/www.facebook.com\/becquelenergia\/\" \/>\n<meta property=\"article:modified_time\" content=\"2022-06-23T09:19:06+00:00\" \/>\n<meta property=\"og:image\" content=\"https:\/\/becquel.com\/wp-content\/uploads\/plaques_solars_residencia_autoconsum_0154-1024x576.png\" \/>\n\t<meta property=\"og:image:width\" content=\"1024\" \/>\n\t<meta property=\"og:image:height\" content=\"576\" \/>\n\t<meta property=\"og:image:type\" content=\"image\/png\" \/>\n<meta name=\"twitter:card\" content=\"summary_large_image\" \/>\n<meta name=\"twitter:site\" content=\"@becquelenergia\" \/>\n<script type=\"application\/ld+json\" class=\"yoast-schema-graph\">{\"@context\":\"https:\/\/schema.org\",\"@graph\":[{\"@type\":\"Organization\",\"@id\":\"https:\/\/becquel.com\/#organization\",\"name\":\"Becquel | Energia solar fotovoltaica per a l'autoconsum\",\"url\":\"https:\/\/becquel.com\/\",\"sameAs\":[\"https:\/\/www.instagram.com\/becquelenergia\/\",\"https:\/\/www.facebook.com\/becquelenergia\/\",\"https:\/\/twitter.com\/becquelenergia\"],\"logo\":{\"@type\":\"ImageObject\",\"inLanguage\":\"es\",\"@id\":\"https:\/\/becquel.com\/#\/schema\/logo\/image\/\",\"url\":\"https:\/\/becquel.com\/wp-content\/uploads\/Becquel-logo.png\",\"contentUrl\":\"https:\/\/becquel.com\/wp-content\/uploads\/Becquel-logo.png\",\"width\":500,\"height\":170,\"caption\":\"Becquel | Energia solar fotovoltaica per a l'autoconsum\"},\"image\":{\"@id\":\"https:\/\/becquel.com\/#\/schema\/logo\/image\/\"}},{\"@type\":\"WebSite\",\"@id\":\"https:\/\/becquel.com\/#website\",\"url\":\"https:\/\/becquel.com\/\",\"name\":\"Becquel\",\"description\":\"Especialistes en instal\u00b7lacions de panells solars per l&#039;autoconsum\",\"publisher\":{\"@id\":\"https:\/\/becquel.com\/#organization\"},\"potentialAction\":[{\"@type\":\"SearchAction\",\"target\":{\"@type\":\"EntryPoint\",\"urlTemplate\":\"https:\/\/becquel.com\/?s={search_term_string}\"},\"query-input\":\"required name=search_term_string\"}],\"inLanguage\":\"es\"},{\"@type\":\"ImageObject\",\"inLanguage\":\"es\",\"@id\":\"https:\/\/becquel.com\/es\/ofertas-de-trabajo\/#primaryimage\",\"url\":\"https:\/\/becquel.com\/wp-content\/uploads\/oficina_destacada-scaled.jpg\",\"contentUrl\":\"https:\/\/becquel.com\/wp-content\/uploads\/oficina_destacada-scaled.jpg\",\"width\":2560,\"height\":1707},{\"@type\":\"WebPage\",\"@id\":\"https:\/\/becquel.com\/es\/ofertas-de-trabajo\/#webpage\",\"url\":\"https:\/\/becquel.com\/es\/ofertas-de-trabajo\/\",\"name\":\"Ofertas de trabajo | Becquel\",\"isPartOf\":{\"@id\":\"https:\/\/becquel.com\/#website\"},\"primaryImageOfPage\":{\"@id\":\"https:\/\/becquel.com\/es\/ofertas-de-trabajo\/#primaryimage\"},\"datePublished\":\"2022-04-14T08:29:11+00:00\",\"dateModified\":\"2022-06-23T09:19:06+00:00\",\"description\":\"Consulta aqu\u00ed las ofertas de trabajo vigentes de Becquel, energ\u00eda solar fotovoltaica\",\"breadcrumb\":{\"@id\":\"https:\/\/becquel.com\/es\/ofertas-de-trabajo\/#breadcrumb\"},\"inLanguage\":\"es\",\"potentialAction\":[{\"@type\":\"ReadAction\",\"target\":[\"https:\/\/becquel.com\/es\/ofertas-de-trabajo\/\"]}]},{\"@type\":\"BreadcrumbList\",\"@id\":\"https:\/\/becquel.com\/es\/ofertas-de-trabajo\/#breadcrumb\",\"itemListElement\":[{\"@type\":\"ListItem\",\"position\":1,\"name\":\"Ofertas de trabajo\"}]}]}<\/script>\n<!-- \/ Yoast SEO plugin. -->","yoast_head_json":{"title":"Ofertas de trabajo | Becquel","description":"Consulta aqu\u00ed las ofertas de trabajo vigentes de Becquel, energ\u00eda solar fotovoltaica","robots":{"index":"index","follow":"follow","max-snippet":"max-snippet:-1","max-image-preview":"max-image-preview:large","max-video-preview":"max-video-preview:-1"},"canonical":"https:\/\/becquel.com\/es\/ofertas-de-trabajo\/","og_locale":"es_ES","og_type":"article","og_title":"Ofertas de trabajo | Becquel","og_description":"Consulta aqu\u00ed las ofertas de trabajo vigentes de Becquel, energ\u00eda solar fotovoltaica","og_url":"https:\/\/becquel.com\/es\/ofertas-de-trabajo\/","og_site_name":"Becquel","article_publisher":"https:\/\/www.facebook.com\/becquelenergia\/","article_modified_time":"2022-06-23T09:19:06+00:00","og_image":[{"width":1024,"height":576,"url":"https:\/\/becquel.com\/wp-content\/uploads\/plaques_solars_residencia_autoconsum_0154-1024x576.png","type":"image\/png"}],"twitter_card":"summary_large_image","twitter_site":"@becquelenergia","schema":{"@context":"https:\/\/schema.org","@graph":[{"@type":"Organization","@id":"https:\/\/becquel.com\/#organization","name":"Becquel | Energia solar fotovoltaica per a l'autoconsum","url":"https:\/\/becquel.com\/","sameAs":["https:\/\/www.instagram.com\/becquelenergia\/","https:\/\/www.facebook.com\/becquelenergia\/","https:\/\/twitter.com\/becquelenergia"],"logo":{"@type":"ImageObject","inLanguage":"es","@id":"https:\/\/becquel.com\/#\/schema\/logo\/image\/","url":"https:\/\/becquel.com\/wp-content\/uploads\/Becquel-logo.png","contentUrl":"https:\/\/becquel.com\/wp-content\/uploads\/Becquel-logo.png","width":500,"height":170,"caption":"Becquel | Energia solar fotovoltaica per a l'autoconsum"},"image":{"@id":"https:\/\/becquel.com\/#\/schema\/logo\/image\/"}},{"@type":"WebSite","@id":"https:\/\/becquel.com\/#website","url":"https:\/\/becquel.com\/","name":"Becquel","description":"Especialistes en instal\u00b7lacions de panells solars per l&#039;autoconsum","publisher":{"@id":"https:\/\/becquel.com\/#organization"},"potentialAction":[{"@type":"SearchAction","target":{"@type":"EntryPoint","urlTemplate":"https:\/\/becquel.com\/?s={search_term_string}"},"query-input":"required name=search_term_string"}],"inLanguage":"es"},{"@type":"ImageObject","inLanguage":"es","@id":"https:\/\/becquel.com\/es\/ofertas-de-trabajo\/#primaryimage","url":"https:\/\/becquel.com\/wp-content\/uploads\/oficina_destacada-scaled.jpg","contentUrl":"https:\/\/becquel.com\/wp-content\/uploads\/oficina_destacada-scaled.jpg","width":2560,"height":1707},{"@type":"WebPage","@id":"https:\/\/becquel.com\/es\/ofertas-de-trabajo\/#webpage","url":"https:\/\/becquel.com\/es\/ofertas-de-trabajo\/","name":"Ofertas de trabajo | Becquel","isPartOf":{"@id":"https:\/\/becquel.com\/#website"},"primaryImageOfPage":{"@id":"https:\/\/becquel.com\/es\/ofertas-de-trabajo\/#primaryimage"},"datePublished":"2022-04-14T08:29:11+00:00","dateModified":"2022-06-23T09:19:06+00:00","description":"Consulta aqu\u00ed las ofertas de trabajo vigentes de Becquel, energ\u00eda solar fotovoltaica","breadcrumb":{"@id":"https:\/\/becquel.com\/es\/ofertas-de-trabajo\/#breadcrumb"},"inLanguage":"es","potentialAction":[{"@type":"ReadAction","target":["https:\/\/becquel.com\/es\/ofertas-de-trabajo\/"]}]},{"@type":"BreadcrumbList","@id":"https:\/\/becquel.com\/es\/ofertas-de-trabajo\/#breadcrumb","itemListElement":[{"@type":"ListItem","position":1,"name":"Ofertas de trabajo"}]}]}},"_links":{"self":[{"href":"https:\/\/becquel.com\/es\/wp-json\/wp\/v2\/pages\/6132"}],"collection":[{"href":"https:\/\/becquel.com\/es\/wp-json\/wp\/v2\/pages"}],"about":[{"href":"https:\/\/becquel.com\/es\/wp-json\/wp\/v2\/types\/page"}],"author":[{"embeddable":true,"href":"https:\/\/becquel.com\/es\/wp-json\/wp\/v2\/users\/6"}],"replies":[{"embeddable":true,"href":"https:\/\/becquel.com\/es\/wp-json\/wp\/v2\/comments?post=6132"}],"version-history":[{"count":0,"href":"https:\/\/becquel.com\/es\/wp-json\/wp\/v2\/pages\/6132\/revisions"}],"wp:featuredmedia":[{"embeddable":true,"href":"https:\/\/becquel.com\/es\/wp-json\/wp\/v2\/media\/13166"}],"wp:attachment":[{"href":"https:\/\/becquel.com\/es\/wp-json\/wp\/v2\/media?parent=6132"}],"curies":[{"name":"wp","href":"https:\/\/api.w.org\/{rel}","templated":true}]}}