{"id":6035,"date":"2020-10-23T11:26:42","date_gmt":"2020-10-23T09:26:42","guid":{"rendered":"https:\/\/becquel.com\/blog\/?page_id=6035"},"modified":"2020-10-23T13:51:51","modified_gmt":"2020-10-23T11:51:51","slug":"faqs-autoconsumo-energetico","status":"publish","type":"page","link":"https:\/\/becquel.com\/blog\/es\/faqs-autoconsumo-energetico\/","title":{"rendered":"FAQS del autoconsumo energ\u00e9tico"},"content":{"rendered":"\n<p class=\"has-text-align-justify\">Con estos FAQS <a href=\"https:\/\/becquel.com\/es\/\" target=\"_blank\" rel=\"noreferrer noopener\">autoconsumo energ\u00e9tico<\/a> queremos dar respuesta a todas las preguntas m\u00e1s frecuentes y que no caducan nunca para facilitar el acceso a la informaci\u00f3n y poder resolver todas las dudas en todo momento. Ahora el autoconsumo energ\u00e9tico est\u00e1 disponible para todos y queremos formar parte del cambio que est\u00e1s intentando realizar.<\/p>\n\n\n\n<p class=\"has-text-align-justify\">Ah, y si nos dejamos cualquier pregunta por responder en el FAQS autoconsumo energ\u00e9tico s\u00f3lo tienes que consultarlo con nosotros mediante nuestras redes sociales.<\/p>\n\n\n\n<div id=\"sp-ea-6034\" class=\"sp-ea-one sp-easy-accordion\" data-ex-icon=\"fa-minus\" data-col-icon=\"fa-plus\"  data-ea-active=\"ea-click\"  data-ea-mode=\"vertical\" data-preloader=\"\"><div class=\"ea-card  sp-ea-single\"><h3 class=\"ea-header\"><a class=\"collapsed\" data-sptoggle=\"spcollapse\" data-sptarget=#collapse60340 href=\"javascript:void(0)\" aria-expanded=\"false\"><i class=\"ea-expand-icon fa fa-plus\"><\/i> \u00bfQu\u00e9 es el autoconsumo?<\/a><\/h3><div class=\"sp-collapse spcollapse spcollapse\" id=\"collapse60340\" data-parent=#sp-ea-6034><div class=\"ea-body\"><div class=\"ea-card sp-ea-single ea-expand\">\n<div id=\"collapse60230\" class=\"sp-collapse spcollapse show\" data-parent=\"#sp-ea-6023\">\n<div class=\"ea-body\">\n<div class=\"sm_accordion_section group\">\n<div id=\"ui-id-2\" class=\"sm_accordion_content ui-accordion-content vc_clearfix ui-helper-reset ui-widget-content ui-corner-bottom ui-accordion-content-active\" role=\"tabpanel\" aria-labelledby=\"ui-id-1\" aria-hidden=\"false\">\n<div class=\"sm_column_text sm_content_element\">\n<div class=\"sm_wrapper\">\n<p><span style=\"color: #000000\">Al hablar del autoconsumo hablamos que es la generaci\u00f3n de energ\u00eda el\u00e9ctrica destinada principalmente para el consumo propio. Adem\u00e1s, esta energ\u00eda se ha generado en el mismo edificio o cerca e inyectado en el interior de la red de un punto de suministro.<\/span><\/p>\n<\/div>\n<\/div>\n<\/div>\n<\/div>\n<\/div>\n<\/div>\n<\/div>\n<\/div><\/div><\/div><div class=\"ea-card  sp-ea-single\"><h3 class=\"ea-header\"><a class=\"collapsed\" data-sptoggle=\"spcollapse\" data-sptarget=#collapse60341 href=\"javascript:void(0)\" aria-expanded=\"false\"><i class=\"ea-expand-icon fa fa-plus\"><\/i> \u00bfPor qu\u00e9 queremos autoconsumir?<\/a><\/h3><div class=\"sp-collapse spcollapse spcollapse\" id=\"collapse60341\" data-parent=#sp-ea-6034><div class=\"ea-body\"><p><span style=\"color: #000000\">El motivo es f\u00e1cil. Es la forma m\u00e1s econ\u00f3mica y ecol\u00f3gica de generar electricidad en casa o en nuestro trabajo (nave industrial). Podemos generar esta energ\u00eda por nosotros mismos, a un precio m\u00e1s barato que el de la red el\u00e9ctrica, de forma 100% limpia y sostenible.<\/span><\/p>\n<\/div><\/div><\/div><div class=\"ea-card  sp-ea-single\"><h3 class=\"ea-header\"><a class=\"collapsed\" data-sptoggle=\"spcollapse\" data-sptarget=#collapse60342 href=\"javascript:void(0)\" aria-expanded=\"false\"><i class=\"ea-expand-icon fa fa-plus\"><\/i> \u00bfEs legal ser autoconsumidores?<\/a><\/h3><div class=\"sp-collapse spcollapse spcollapse\" id=\"collapse60342\" data-parent=#sp-ea-6034><div class=\"ea-body\"><div class=\"ea-card sp-ea-single ea-expand\">\n<div id=\"collapse60232\" class=\"sp-collapse spcollapse show\" data-parent=\"#sp-ea-6023\">\n<div class=\"ea-body\">\n<p><span style=\"color: #000000\">S\u00ed, de hecho es el mejor momento desde la aprobaci\u00f3n del Real Decreto 244\/2019 que regula el autoconsumo de energ\u00eda el\u00e9ctrica.<\/span><\/p>\n<\/div>\n<\/div>\n<\/div>\n<div class=\"ea-card sp-ea-single\">\n<h3 class=\"ea-header\"><\/h3>\n<\/div>\n<\/div><\/div><\/div><div class=\"ea-card  sp-ea-single\"><h3 class=\"ea-header\"><a class=\"collapsed\" data-sptoggle=\"spcollapse\" data-sptarget=#collapse60343 href=\"javascript:void(0)\" aria-expanded=\"false\"><i class=\"ea-expand-icon fa fa-plus\"><\/i> \u00bfTener bater\u00edas es legal?<\/a><\/h3><div class=\"sp-collapse spcollapse spcollapse\" id=\"collapse60343\" data-parent=#sp-ea-6034><div class=\"ea-body\"><p><span style=\"color: #000000\">S\u00ed, el mismo Real Decreto 244\/2019 permite y regula las instalaciones de bater\u00edas.<\/span><\/p>\n<\/div><\/div><\/div><div class=\"ea-card  sp-ea-single\"><h3 class=\"ea-header\"><a class=\"collapsed\" data-sptoggle=\"spcollapse\" data-sptarget=#collapse60344 href=\"javascript:void(0)\" aria-expanded=\"false\"><i class=\"ea-expand-icon fa fa-plus\"><\/i> \u00bfQu\u00e9 potencia puedo instalar?<\/a><\/h3><div class=\"sp-collapse spcollapse spcollapse\" id=\"collapse60344\" data-parent=#sp-ea-6034><div class=\"ea-body\"><div class=\"ea-card  sp-ea-single ea-expand\">\n<div id=\"collapse60234\" class=\"sp-collapse spcollapse show\" data-parent=\"#sp-ea-6023\">\n<div class=\"ea-body\">\n<div class=\"sm_accordion_section group\">\n<div id=\"ui-id-14\" class=\"sm_accordion_content ui-accordion-content vc_clearfix ui-helper-reset ui-widget-content ui-corner-bottom ui-accordion-content-active\" role=\"tabpanel\" aria-labelledby=\"ui-id-13\" aria-hidden=\"false\">\n<div class=\"sm_column_text sm_content_element\">\n<div class=\"sm_wrapper\">\n<p><span style=\"color: #000000\">La pot\u00e8ncia m\u00e0xima instal\u00b7lar ho limita la pot\u00e8ncia contractada de la factura de la llum i sempre dependr\u00e0 del grau d'autoconsum que cadasc\u00fa vulgui aconseguir.<\/span><\/p>\n<\/div>\n<\/div>\n<\/div>\n<\/div>\n<\/div>\n<\/div>\n<\/div>\n<\/div><\/div><\/div><div class=\"ea-card  sp-ea-single\"><h3 class=\"ea-header\"><a class=\"collapsed\" data-sptoggle=\"spcollapse\" data-sptarget=#collapse60345 href=\"javascript:void(0)\" aria-expanded=\"false\"><i class=\"ea-expand-icon fa fa-plus\"><\/i> \u00bfQu\u00e9 coste tiene y que puedo ahorrar?<\/a><\/h3><div class=\"sp-collapse spcollapse spcollapse\" id=\"collapse60345\" data-parent=#sp-ea-6034><div class=\"ea-body\"><div class=\"ea-card sp-ea-single ea-expand\">\n<div id=\"collapse60234\" class=\"sp-collapse spcollapse show\" data-parent=\"#sp-ea-6023\">\n<div class=\"ea-body\">\n<div class=\"sm_accordion_section group\">\n<div id=\"ui-id-14\" class=\"sm_accordion_content ui-accordion-content vc_clearfix ui-helper-reset ui-widget-content ui-corner-bottom ui-accordion-content-active\" role=\"tabpanel\" aria-labelledby=\"ui-id-13\" aria-hidden=\"false\">\n<div class=\"sm_column_text sm_content_element\">\n<div class=\"sm_wrapper\">\n<p><span style=\"color: #000000\">A nivel residencial una instalaci\u00f3n fotovoltaica puede costar entre 4.000 y 10.000 \u20ac. Estas instalaciones gozan de una vida \u00fatil de 25-30 a\u00f1os y generan hasta 50% del consumo de la vivienda.<\/span><\/p>\n<p><span style=\"color: #000000\">Si queremos podemos instalar bater\u00edas y pasar a un autoconsumo total con la incorporaci\u00f3n de bater\u00edas. Adem\u00e1s, ahora muchas poblaciones bonifican la tasa del IBI y el ICIO hasta el 50% en el primer caso y casi la totalidad en el ICIO.<\/span><\/p>\n<\/div>\n<\/div>\n<\/div>\n<\/div>\n<\/div>\n<\/div>\n<\/div>\n<\/div><\/div><\/div><div class=\"ea-card  sp-ea-single\"><h3 class=\"ea-header\"><a class=\"collapsed\" data-sptoggle=\"spcollapse\" data-sptarget=#collapse60346 href=\"javascript:void(0)\" aria-expanded=\"false\"><i class=\"ea-expand-icon fa fa-plus\"><\/i> \u00bfNecesitamos un mantenimiento para nuestra instalaci\u00f3n?<\/a><\/h3><div class=\"sp-collapse spcollapse spcollapse\" id=\"collapse60346\" data-parent=#sp-ea-6034><div class=\"ea-body\"><p><span style=\"color: #000000\">Muchas instalaciones necesitan un mantenimiento b\u00e1sico para asegurarse el buen funcionamiento y la rentabilidad de cada panel instalado. Al colocar los paneles en el tejado y muchas de ellas tienen pendiente la lluvia ayuda a limpiarlas. Ahora bien, siempre est\u00e1 bien tener acceso para poder limpiarlas peri\u00f3dicamente.<\/span><\/p>\n<p><span style=\"color: #000000\">En Becquel ofrecemos paquetes de mantenimientos para instalaciones residenciales o industriales.<\/span><\/p>\n<\/div><\/div><\/div><div class=\"ea-card  sp-ea-single\"><h3 class=\"ea-header\"><a class=\"collapsed\" data-sptoggle=\"spcollapse\" data-sptarget=#collapse60347 href=\"javascript:void(0)\" aria-expanded=\"false\"><i class=\"ea-expand-icon fa fa-plus\"><\/i> Los excedentes de nuestra instalaci\u00f3n, \u00bfLos bonifican?<\/a><\/h3><div class=\"sp-collapse spcollapse spcollapse\" id=\"collapse60347\" data-parent=#sp-ea-6034><div class=\"ea-body\"><p><span style=\"color: #000000\">Muchas instalaciones necesitan un mantenimiento b\u00e1sico para asegurarse el buen funcionamiento y la rentabilidad de cada panel instalado. Al colocar los paneles en el tejado y muchas de ellas tienen pendiente la lluvia ayuda a limpiarlas. Ahora bien, siempre est\u00e1 bien tener acceso para poder limpiarlas peri\u00f3dicamente. A Becquel ofrecemos paquetes de mantenimientos para instalaciones residenciales o industriales.<\/span><\/p>\n<\/div><\/div><\/div><div class=\"ea-card  sp-ea-single\"><h3 class=\"ea-header\"><a class=\"collapsed\" data-sptoggle=\"spcollapse\" data-sptarget=#collapse60348 href=\"javascript:void(0)\" aria-expanded=\"false\"><i class=\"ea-expand-icon fa fa-plus\"><\/i> \u00bfLas tormentas de piedra rompen los paneles solares?<\/a><\/h3><div class=\"sp-collapse spcollapse spcollapse\" id=\"collapse60348\" data-parent=#sp-ea-6034><div class=\"ea-body\"><p id=\"tw-target-text\" class=\"tw-data-text tw-text-large XcVN5d tw-ta\" data-placeholder=\"Traducci\u00f3\"><span lang=\"es\" style=\"color: #000000\">Los paneles que instalamos tienen garant\u00eda del fabricante que aguantan hasta piedras de 45 mm de espesor.<\/span><\/p>\n<\/div><\/div><\/div><div class=\"ea-card  sp-ea-single\"><h3 class=\"ea-header\"><a class=\"collapsed\" data-sptoggle=\"spcollapse\" data-sptarget=#collapse60349 href=\"javascript:void(0)\" aria-expanded=\"false\"><i class=\"ea-expand-icon fa fa-plus\"><\/i> Si se va la luz de la calle \u00bfNos quedamos sin luz en casa?<\/a><\/h3><div class=\"sp-collapse spcollapse spcollapse\" id=\"collapse60349\" data-parent=#sp-ea-6034><div class=\"ea-body\"><p><span style=\"color: #000000\">Todos los dispositivos se sincronizan con la red de distribuci\u00f3n. Si esta cae, los equipos de la instalaci\u00f3n fotovoltaica se desconectan y dejan de producir energ\u00eda a fin de prevenir posibles problemas en la red (Aunque el inversor est\u00e9 conectado a una bater\u00eda).<\/span><\/p>\n<p><span style=\"color: #000000\">Ahora bien, siempre podemos incorporar aparatos complementarios como los que podr\u00edamos utilizar si no dispusi\u00e9ramos de una instalaci\u00f3n solar como puede ser un SAI.<\/span><\/p>\n<\/div><\/div><\/div><div class=\"ea-card  sp-ea-single\"><h3 class=\"ea-header\"><a class=\"collapsed\" data-sptoggle=\"spcollapse\" data-sptarget=#collapse603410 href=\"javascript:void(0)\" aria-expanded=\"false\"><i class=\"ea-expand-icon fa fa-plus\"><\/i> \u00bfPuedo desconectarme de la red el\u00e9ctrico?<\/a><\/h3><div class=\"sp-collapse spcollapse spcollapse\" id=\"collapse603410\" data-parent=#sp-ea-6034><div class=\"ea-body\"><p><span style=\"color: #000000\">S\u00ed, pero no lo recomendamos. Las instalaciones aisladas elevan el precio y casi siempre necesitan de bater\u00edas y \/ o un grupo electr\u00f3geno por si se acaban las bater\u00edas.<\/span><\/p>\n<p><span style=\"color: #000000\">Por nuestra sincera opini\u00f3n, lo mejor es seguir conectados a la red y pagar el m\u00ednimo de factura de la luz, ahora bien, obtener la bonificaci\u00f3n de excedentes y si tenemos d\u00edas de mal tiempo, tener la red como salva vidas.<\/span><\/p>\n<\/div><\/div><\/div><\/div>\n\n\n\n<h2 class=\"has-text-align-center\">\u00bfQuieres transformar tu tejado y pasarte al autoconsumo energ\u00e9tico?<\/h2>\n\n\n\n<p class=\"has-text-align-justify\">Si quieres disfrutar de una instalaci\u00f3n fotovoltaica en tu casa o en la nave industrial donde trabajas contacta con nosotros mediante el correo electr\u00f3nico o en el tel\u00e9fono <a href=\"https:\/\/www.google.com\/search?q=becquel&amp;oq=becquel&amp;aqs=chrome.0.69i59j69i60l6j69i65.1052j0j7&amp;sourceid=chrome&amp;ie=UTF-8#\">602 22 32 53<\/a>.<\/p>\n\n\n\n<figure class=\"wp-block-image size-large\"><img loading=\"lazy\" width=\"1160\" height=\"653\" src=\"https:\/\/i0.wp.com\/becquel.com\/blog\/wp-content\/uploads\/2020\/09\/casa_paneles_solares_alpicat_lleida0683.jpg?resize=1160%2C653&#038;ssl=1\" alt=\"FAQS autoconsumo energ\u00e9tico\" class=\"wp-image-5697\" srcset=\"https:\/\/i0.wp.com\/becquel.com\/blog\/wp-content\/uploads\/2020\/09\/casa_paneles_solares_alpicat_lleida0683.jpg?resize=1160%2C653&amp;ssl=1 1160w, https:\/\/i0.wp.com\/becquel.com\/blog\/wp-content\/uploads\/2020\/09\/casa_paneles_solares_alpicat_lleida0683.jpg?resize=800%2C450&amp;ssl=1 800w, https:\/\/i0.wp.com\/becquel.com\/blog\/wp-content\/uploads\/2020\/09\/casa_paneles_solares_alpicat_lleida0683.jpg?resize=320%2C180&amp;ssl=1 320w, https:\/\/i0.wp.com\/becquel.com\/blog\/wp-content\/uploads\/2020\/09\/casa_paneles_solares_alpicat_lleida0683.jpg?resize=560%2C315&amp;ssl=1 560w, https:\/\/i0.wp.com\/becquel.com\/blog\/wp-content\/uploads\/2020\/09\/casa_paneles_solares_alpicat_lleida0683.jpg?w=1200&amp;ssl=1 1200w\" sizes=\"(max-width: 1160px) 100vw, 1160px\" data-recalc-dims=\"1\" \/><\/figure>\n\n\n\n<p class=\"has-text-align-justify\">Adem\u00e1s, ahora tambi\u00e9n disponemos del mantenimiento para la <a href=\"https:\/\/becquel.com\/es\/mantenimiento\" target=\"_blank\" rel=\"noreferrer noopener\">instalaci\u00f3n fotovoltaica<\/a>. Conf\u00eda en nosotros para tener una instalaci\u00f3n en pleno rendimiento todo el a\u00f1o. Ofrecemos diferentes planes que se adaptan tanto a potencias instaladas como opciones que queremos para tener un mantenimiento correcto de nuestra planta fotovoltaica.<\/p>\n\n\n\n<p>Empezamos por los paquetes de mantenimento solar de menos de 15 kW, saltamos a los paquetes de 15 kW a 100 kW y por \u00faltimo las plantas solares de m\u00e1s de 100 kW.<\/p>\n\n\n\n<p class=\"has-text-align-justify\">Cada una de estas potencias incluye tres posibilidades para tener un mantenimento a la carta de cada cliente. El paquete b\u00e1sico, est\u00e1ndard y completo que nos permiten ofertar diferentes opciones en cada paquete. Eso s\u00ed, todos incluyen la monitorizaci\u00f3n y el mantenimiento correctivo de la planta solar.<\/p>\n\n\n\n<p class=\"has-text-align-justify\">Como extras, siempre podemos pedir una <strong><a href=\"https:\/\/becquel.com\/es\/mantenimiento\" target=\"_blank\" rel=\"noreferrer noopener\">limpieza de paneles solares<\/a><\/strong> o un control exhaustivo de la planta solar con <strong><a href=\"https:\/\/becquel.com\/es\/mantenimiento\" target=\"_blank\" rel=\"noreferrer noopener\">lecturas t\u00e9rmicas para asegurar el buen funcionamiento de todos los paneles solares.<\/a><\/strong><\/p>\n","protected":false},"excerpt":{"rendered":"<div class=\"post-excerpt\">Con estos FAQS autoconsumo energ\u00e9tico queremos dar respuesta a todas las preguntas m\u00e1s frecuentes y que no caducan nunca para facilitar el acceso a la informaci\u00f3n y poder resolver todas&hellip;<\/div>\n<div class=\"post-more\"><a href=\"https:\/\/becquel.com\/blog\/es\/faqs-autoconsumo-energetico\/\" class=\"button button-primary button-effect\"><span>Llegeix l&#039;entrada<\/span><span><i class=\"cs-icon cs-icon-arrow-right\"><\/i><\/span><\/a><\/div>\n","protected":false},"author":4,"featured_media":0,"parent":0,"menu_order":0,"comment_status":"closed","ping_status":"closed","template":"","meta":{"spay_email":""},"yoast_head":"<!-- This site is optimized with the Yoast SEO plugin v18.6 - https:\/\/yoast.com\/wordpress\/plugins\/seo\/ -->\n<title>FAQS autoconsumo energ\u00e9tico: Todo lo que necesitamos sabear<\/title>\n<meta name=\"description\" content=\"Los FAQS autoconsumo energ\u00e9tico es todo lo que necesitamos saber para entender y resolver las dudas sobre el autoconsumo el\u00e9ctrico.\" \/>\n<meta name=\"robots\" content=\"index, follow, max-snippet:-1, max-image-preview:large, max-video-preview:-1\" \/>\n<link rel=\"canonical\" href=\"https:\/\/becquel.com\/blog\/es\/faqs-autoconsumo-energetico\/\" \/>\n<meta property=\"og:locale\" content=\"es_ES\" \/>\n<meta property=\"og:type\" content=\"article\" \/>\n<meta property=\"og:title\" content=\"FAQS autoconsumo energ\u00e9tico: Todo lo que necesitamos sabear\" \/>\n<meta property=\"og:description\" content=\"Los FAQS autoconsumo energ\u00e9tico es todo lo que necesitamos saber para entender y resolver las dudas sobre el autoconsumo el\u00e9ctrico.\" \/>\n<meta property=\"og:url\" content=\"https:\/\/becquel.com\/blog\/es\/faqs-autoconsumo-energetico\/\" \/>\n<meta property=\"og:site_name\" content=\"Todas las noticias de Becquel sobre energ\u00eda solar y renovable en general\" \/>\n<meta property=\"article:publisher\" content=\"https:\/\/www.facebook.com\/becquelER\/\" \/>\n<meta property=\"article:modified_time\" content=\"2020-10-23T11:51:51+00:00\" \/>\n<meta property=\"og:image\" content=\"https:\/\/becquel.com\/blog\/wp-content\/uploads\/2020\/09\/casa_paneles_solares_alpicat_lleida0683-1160x653.jpg\" \/>\n<meta name=\"twitter:card\" content=\"summary_large_image\" \/>\n<meta name=\"twitter:site\" content=\"@becquelenergia\" \/>\n<meta name=\"twitter:label1\" content=\"Tiempo de lectura\" \/>\n\t<meta name=\"twitter:data1\" content=\"1 minuto\" \/>\n<script type=\"application\/ld+json\" class=\"yoast-schema-graph\">{\"@context\":\"https:\/\/schema.org\",\"@graph\":[{\"@type\":\"WebSite\",\"@id\":\"https:\/\/becquel.com\/blog\/es\/#website\",\"url\":\"https:\/\/becquel.com\/blog\/es\/\",\"name\":\"Todas las noticias de Becquel sobre energ\u00eda solar y renovable en general\",\"description\":\"Desde Becquel pensamos que una parte esencial de la energ\u00eda solar es estar bien informado; y poder hacer llegar a todos sus beneficios.\",\"potentialAction\":[{\"@type\":\"SearchAction\",\"target\":{\"@type\":\"EntryPoint\",\"urlTemplate\":\"https:\/\/becquel.com\/blog\/es\/?s={search_term_string}\"},\"query-input\":\"required name=search_term_string\"}],\"inLanguage\":\"es\"},{\"@type\":\"ImageObject\",\"@id\":\"https:\/\/becquel.com\/blog\/es\/faqs-autoconsumo-energetico\/#primaryimage\",\"inLanguage\":\"es\",\"url\":\"https:\/\/i0.wp.com\/becquel.com\/blog\/wp-content\/uploads\/2020\/09\/casa_paneles_solares_alpicat_lleida0683.jpg?fit=1200%2C675&ssl=1\",\"contentUrl\":\"https:\/\/i0.wp.com\/becquel.com\/blog\/wp-content\/uploads\/2020\/09\/casa_paneles_solares_alpicat_lleida0683.jpg?fit=1200%2C675&ssl=1\",\"width\":1200,\"height\":675},{\"@type\":\"WebPage\",\"@id\":\"https:\/\/becquel.com\/blog\/es\/faqs-autoconsumo-energetico\/#webpage\",\"url\":\"https:\/\/becquel.com\/blog\/es\/faqs-autoconsumo-energetico\/\",\"name\":\"FAQS autoconsumo energ\u00e9tico: Todo lo que necesitamos sabear\",\"isPartOf\":{\"@id\":\"https:\/\/becquel.com\/blog\/es\/#website\"},\"primaryImageOfPage\":{\"@id\":\"https:\/\/becquel.com\/blog\/es\/faqs-autoconsumo-energetico\/#primaryimage\"},\"datePublished\":\"2020-10-23T09:26:42+00:00\",\"dateModified\":\"2020-10-23T11:51:51+00:00\",\"description\":\"Los FAQS autoconsumo energ\u00e9tico es todo lo que necesitamos saber para entender y resolver las dudas sobre el autoconsumo el\u00e9ctrico.\",\"breadcrumb\":{\"@id\":\"https:\/\/becquel.com\/blog\/es\/faqs-autoconsumo-energetico\/#breadcrumb\"},\"inLanguage\":\"es\",\"potentialAction\":[{\"@type\":\"ReadAction\",\"target\":[\"https:\/\/becquel.com\/blog\/es\/faqs-autoconsumo-energetico\/\"]}]},{\"@type\":\"BreadcrumbList\",\"@id\":\"https:\/\/becquel.com\/blog\/es\/faqs-autoconsumo-energetico\/#breadcrumb\",\"itemListElement\":[{\"@type\":\"ListItem\",\"position\":1,\"name\":\"Home\",\"item\":\"https:\/\/becquel.com\/blog\/es\/\"},{\"@type\":\"ListItem\",\"position\":2,\"name\":\"FAQS del autoconsumo energ\u00e9tico\"}]}]}<\/script>\n<!-- \/ Yoast SEO plugin. -->","yoast_head_json":{"title":"FAQS autoconsumo energ\u00e9tico: Todo lo que necesitamos sabear","description":"Los FAQS autoconsumo energ\u00e9tico es todo lo que necesitamos saber para entender y resolver las dudas sobre el autoconsumo el\u00e9ctrico.","robots":{"index":"index","follow":"follow","max-snippet":"max-snippet:-1","max-image-preview":"max-image-preview:large","max-video-preview":"max-video-preview:-1"},"canonical":"https:\/\/becquel.com\/blog\/es\/faqs-autoconsumo-energetico\/","og_locale":"es_ES","og_type":"article","og_title":"FAQS autoconsumo energ\u00e9tico: Todo lo que necesitamos sabear","og_description":"Los FAQS autoconsumo energ\u00e9tico es todo lo que necesitamos saber para entender y resolver las dudas sobre el autoconsumo el\u00e9ctrico.","og_url":"https:\/\/becquel.com\/blog\/es\/faqs-autoconsumo-energetico\/","og_site_name":"Todas las noticias de Becquel sobre energ\u00eda solar y renovable en general","article_publisher":"https:\/\/www.facebook.com\/becquelER\/","article_modified_time":"2020-10-23T11:51:51+00:00","og_image":[{"url":"https:\/\/becquel.com\/blog\/wp-content\/uploads\/2020\/09\/casa_paneles_solares_alpicat_lleida0683-1160x653.jpg"}],"twitter_card":"summary_large_image","twitter_site":"@becquelenergia","twitter_misc":{"Tiempo de lectura":"1 minuto"},"schema":{"@context":"https:\/\/schema.org","@graph":[{"@type":"WebSite","@id":"https:\/\/becquel.com\/blog\/es\/#website","url":"https:\/\/becquel.com\/blog\/es\/","name":"Todas las noticias de Becquel sobre energ\u00eda solar y renovable en general","description":"Desde Becquel pensamos que una parte esencial de la energ\u00eda solar es estar bien informado; y poder hacer llegar a todos sus beneficios.","potentialAction":[{"@type":"SearchAction","target":{"@type":"EntryPoint","urlTemplate":"https:\/\/becquel.com\/blog\/es\/?s={search_term_string}"},"query-input":"required name=search_term_string"}],"inLanguage":"es"},{"@type":"ImageObject","@id":"https:\/\/becquel.com\/blog\/es\/faqs-autoconsumo-energetico\/#primaryimage","inLanguage":"es","url":"https:\/\/i0.wp.com\/becquel.com\/blog\/wp-content\/uploads\/2020\/09\/casa_paneles_solares_alpicat_lleida0683.jpg?fit=1200%2C675&ssl=1","contentUrl":"https:\/\/i0.wp.com\/becquel.com\/blog\/wp-content\/uploads\/2020\/09\/casa_paneles_solares_alpicat_lleida0683.jpg?fit=1200%2C675&ssl=1","width":1200,"height":675},{"@type":"WebPage","@id":"https:\/\/becquel.com\/blog\/es\/faqs-autoconsumo-energetico\/#webpage","url":"https:\/\/becquel.com\/blog\/es\/faqs-autoconsumo-energetico\/","name":"FAQS autoconsumo energ\u00e9tico: Todo lo que necesitamos sabear","isPartOf":{"@id":"https:\/\/becquel.com\/blog\/es\/#website"},"primaryImageOfPage":{"@id":"https:\/\/becquel.com\/blog\/es\/faqs-autoconsumo-energetico\/#primaryimage"},"datePublished":"2020-10-23T09:26:42+00:00","dateModified":"2020-10-23T11:51:51+00:00","description":"Los FAQS autoconsumo energ\u00e9tico es todo lo que necesitamos saber para entender y resolver las dudas sobre el autoconsumo el\u00e9ctrico.","breadcrumb":{"@id":"https:\/\/becquel.com\/blog\/es\/faqs-autoconsumo-energetico\/#breadcrumb"},"inLanguage":"es","potentialAction":[{"@type":"ReadAction","target":["https:\/\/becquel.com\/blog\/es\/faqs-autoconsumo-energetico\/"]}]},{"@type":"BreadcrumbList","@id":"https:\/\/becquel.com\/blog\/es\/faqs-autoconsumo-energetico\/#breadcrumb","itemListElement":[{"@type":"ListItem","position":1,"name":"Home","item":"https:\/\/becquel.com\/blog\/es\/"},{"@type":"ListItem","position":2,"name":"FAQS del autoconsumo energ\u00e9tico"}]}]}},"amp_enabled":true,"_links":{"self":[{"href":"https:\/\/becquel.com\/blog\/es\/wp-json\/wp\/v2\/pages\/6035"}],"collection":[{"href":"https:\/\/becquel.com\/blog\/es\/wp-json\/wp\/v2\/pages"}],"about":[{"href":"https:\/\/becquel.com\/blog\/es\/wp-json\/wp\/v2\/types\/page"}],"author":[{"embeddable":true,"href":"https:\/\/becquel.com\/blog\/es\/wp-json\/wp\/v2\/users\/4"}],"replies":[{"embeddable":true,"href":"https:\/\/becquel.com\/blog\/es\/wp-json\/wp\/v2\/comments?post=6035"}],"version-history":[{"count":10,"href":"https:\/\/becquel.com\/blog\/es\/wp-json\/wp\/v2\/pages\/6035\/revisions"}],"predecessor-version":[{"id":6048,"href":"https:\/\/becquel.com\/blog\/es\/wp-json\/wp\/v2\/pages\/6035\/revisions\/6048"}],"wp:attachment":[{"href":"https:\/\/becquel.com\/blog\/es\/wp-json\/wp\/v2\/media?parent=6035"}],"curies":[{"name":"wp","href":"https:\/\/api.w.org\/{rel}","templated":true}]}}