{"id":4419,"date":"2020-07-23T09:47:09","date_gmt":"2020-07-23T07:47:09","guid":{"rendered":"https:\/\/becquel.com\/blog\/?page_id=4419"},"modified":"2020-08-17T08:17:09","modified_gmt":"2020-08-17T06:17:09","slug":"folleto-instalacion-residencial","status":"publish","type":"page","link":"https:\/\/becquel.com\/blog\/es\/folleto-instalacion-residencial\/","title":{"rendered":"Folleto instalaci\u00f3n residencial"},"content":{"rendered":"\n<div class=\"_df_book df-lite\" id=\"df_4415\"  data-title=\"folleto-residencial-becquel\" _slug=\"4415\" wpoptions=\"true\" thumbtype=\"bg\" ><p class=\"df-raw-loading\">Please wait while flipbook is loading. For more related info, FAQs and issues please refer to <a href=\"https:\/\/wordpress.org\/plugins\/3d-flipbook-dflip-lite\/#installation\">DearFlip WordPress Flipbook Plugin Help<\/a> documentation.<\/p><\/div><script class=\"df-shortcode-script\" type=\"application\/javascript\">window.option_df_4415 = {\"outline\":[],\"forceFit\":\"true\",\"autoEnableOutline\":\"false\",\"autoEnableThumbnail\":\"false\",\"overwritePDFOutline\":\"false\",\"direction\":\"1\",\"source\":\"https:\\\/\\\/becquel.com\\\/blog\\\/wp-content\\\/uploads\\\/2020\\\/07\\\/Folleto-residencial-Becquel.pdf\",\"wpOptions\":\"true\"}; if(window.DFLIP && window.DFLIP.parseBooks){window.DFLIP.parseBooks();}<\/script>\n\n\n\n<p class=\"has-text-align-justify has-medium-font-size\">Si despu\u00e9s de conocer toda la informaci\u00f3n, te decides y quieres cambiar tu estilo de vida, no dudes en contactar con nosotros becquel@becquel.com o <a aria-label=\"undefined (s'obre en una pestanya nova)\" href=\"https:\/\/wa.me\/+34602223253\" target=\"_blank\" rel=\"noreferrer noopener\">+34 602223253<\/a>. Tambi\u00e9n puedes calcular tu <a aria-label=\"undefined (s'obre en una pestanya nova)\" href=\"https:\/\/becquel.com\/ca\/?openModal=true\" target=\"_blank\" rel=\"noreferrer noopener\">presupuesto online<\/a> ahora mismo.<\/p>\n\n\n\n<h3 class=\"has-text-align-center\">\u00a1An\u00edmate y haz el cambio a la energ\u00eda renovable, instala tus m\u00f3dulos solares con nosotros!<\/h3>\n\n\n\n<p><\/p>\n","protected":false},"excerpt":{"rendered":"<div class=\"post-excerpt\">Si despu\u00e9s de conocer toda la informaci\u00f3n, te decides y quieres cambiar tu estilo de vida, no dudes en contactar con nosotros becquel@becquel.com o +34 602223253. Tambi\u00e9n puedes calcular tu&hellip;<\/div>\n<div class=\"post-more\"><a href=\"https:\/\/becquel.com\/blog\/es\/folleto-instalacion-residencial\/\" class=\"button button-primary button-effect\"><span>Llegeix l&#039;entrada<\/span><span><i class=\"cs-icon cs-icon-arrow-right\"><\/i><\/span><\/a><\/div>\n","protected":false},"author":7,"featured_media":0,"parent":0,"menu_order":0,"comment_status":"closed","ping_status":"closed","template":"","meta":{"spay_email":""},"yoast_head":"<!-- This site is optimized with the Yoast SEO plugin v18.6 - https:\/\/yoast.com\/wordpress\/plugins\/seo\/ -->\n<title>Folleto con informaci\u00f3n sobre la instalaci\u00f3n residencial de m\u00f3dulos solares<\/title>\n<meta name=\"description\" content=\"Os ofrecemos un folleto informativo con todo lo necesario para conocer nuestro proceso para hacer tu instalaci\u00f3n solar residencial.\" \/>\n<meta name=\"robots\" content=\"index, follow, max-snippet:-1, max-image-preview:large, max-video-preview:-1\" \/>\n<link rel=\"canonical\" href=\"https:\/\/becquel.com\/blog\/es\/folleto-instalacion-residencial\/\" \/>\n<meta property=\"og:locale\" content=\"es_ES\" \/>\n<meta property=\"og:type\" content=\"article\" \/>\n<meta property=\"og:title\" content=\"Folleto con informaci\u00f3n sobre la instalaci\u00f3n residencial de m\u00f3dulos solares\" \/>\n<meta property=\"og:description\" content=\"Os ofrecemos un folleto informativo con todo lo necesario para conocer nuestro proceso para hacer tu instalaci\u00f3n solar residencial.\" \/>\n<meta property=\"og:url\" content=\"https:\/\/becquel.com\/blog\/es\/folleto-instalacion-residencial\/\" \/>\n<meta property=\"og:site_name\" content=\"Todas las noticias de Becquel sobre energ\u00eda solar y renovable en general\" \/>\n<meta property=\"article:publisher\" content=\"https:\/\/www.facebook.com\/becquelER\/\" \/>\n<meta property=\"article:modified_time\" content=\"2020-08-17T06:17:09+00:00\" \/>\n<meta name=\"twitter:card\" content=\"summary_large_image\" \/>\n<meta name=\"twitter:site\" content=\"@becquelenergia\" \/>\n<script type=\"application\/ld+json\" class=\"yoast-schema-graph\">{\"@context\":\"https:\/\/schema.org\",\"@graph\":[{\"@type\":\"WebSite\",\"@id\":\"https:\/\/becquel.com\/blog\/es\/#website\",\"url\":\"https:\/\/becquel.com\/blog\/es\/\",\"name\":\"Todas las noticias de Becquel sobre energ\u00eda solar y renovable en general\",\"description\":\"Desde Becquel pensamos que una parte esencial de la energ\u00eda solar es estar bien informado; y poder hacer llegar a todos sus beneficios.\",\"potentialAction\":[{\"@type\":\"SearchAction\",\"target\":{\"@type\":\"EntryPoint\",\"urlTemplate\":\"https:\/\/becquel.com\/blog\/es\/?s={search_term_string}\"},\"query-input\":\"required name=search_term_string\"}],\"inLanguage\":\"es\"},{\"@type\":\"WebPage\",\"@id\":\"https:\/\/becquel.com\/blog\/ca\/folleto-instalacion-residencial\/#webpage\",\"url\":\"https:\/\/becquel.com\/blog\/ca\/folleto-instalacion-residencial\/\",\"name\":\"Folleto con informaci\u00f3n sobre la instalaci\u00f3n residencial de m\u00f3dulos solares\",\"isPartOf\":{\"@id\":\"https:\/\/becquel.com\/blog\/es\/#website\"},\"datePublished\":\"2020-07-23T07:47:09+00:00\",\"dateModified\":\"2020-08-17T06:17:09+00:00\",\"description\":\"Os ofrecemos un folleto informativo con todo lo necesario para conocer nuestro proceso para hacer tu instalaci\u00f3n solar residencial.\",\"breadcrumb\":{\"@id\":\"https:\/\/becquel.com\/blog\/ca\/folleto-instalacion-residencial\/#breadcrumb\"},\"inLanguage\":\"es\",\"potentialAction\":[{\"@type\":\"ReadAction\",\"target\":[\"https:\/\/becquel.com\/blog\/ca\/folleto-instalacion-residencial\/\"]}]},{\"@type\":\"BreadcrumbList\",\"@id\":\"https:\/\/becquel.com\/blog\/ca\/folleto-instalacion-residencial\/#breadcrumb\",\"itemListElement\":[{\"@type\":\"ListItem\",\"position\":1,\"name\":\"Home\",\"item\":\"https:\/\/becquel.com\/blog\/es\/\"},{\"@type\":\"ListItem\",\"position\":2,\"name\":\"Folleto instalaci\u00f3n residencial\"}]}]}<\/script>\n<!-- \/ Yoast SEO plugin. -->","yoast_head_json":{"title":"Folleto con informaci\u00f3n sobre la instalaci\u00f3n residencial de m\u00f3dulos solares","description":"Os ofrecemos un folleto informativo con todo lo necesario para conocer nuestro proceso para hacer tu instalaci\u00f3n solar residencial.","robots":{"index":"index","follow":"follow","max-snippet":"max-snippet:-1","max-image-preview":"max-image-preview:large","max-video-preview":"max-video-preview:-1"},"canonical":"https:\/\/becquel.com\/blog\/es\/folleto-instalacion-residencial\/","og_locale":"es_ES","og_type":"article","og_title":"Folleto con informaci\u00f3n sobre la instalaci\u00f3n residencial de m\u00f3dulos solares","og_description":"Os ofrecemos un folleto informativo con todo lo necesario para conocer nuestro proceso para hacer tu instalaci\u00f3n solar residencial.","og_url":"https:\/\/becquel.com\/blog\/es\/folleto-instalacion-residencial\/","og_site_name":"Todas las noticias de Becquel sobre energ\u00eda solar y renovable en general","article_publisher":"https:\/\/www.facebook.com\/becquelER\/","article_modified_time":"2020-08-17T06:17:09+00:00","twitter_card":"summary_large_image","twitter_site":"@becquelenergia","schema":{"@context":"https:\/\/schema.org","@graph":[{"@type":"WebSite","@id":"https:\/\/becquel.com\/blog\/es\/#website","url":"https:\/\/becquel.com\/blog\/es\/","name":"Todas las noticias de Becquel sobre energ\u00eda solar y renovable en general","description":"Desde Becquel pensamos que una parte esencial de la energ\u00eda solar es estar bien informado; y poder hacer llegar a todos sus beneficios.","potentialAction":[{"@type":"SearchAction","target":{"@type":"EntryPoint","urlTemplate":"https:\/\/becquel.com\/blog\/es\/?s={search_term_string}"},"query-input":"required name=search_term_string"}],"inLanguage":"es"},{"@type":"WebPage","@id":"https:\/\/becquel.com\/blog\/ca\/folleto-instalacion-residencial\/#webpage","url":"https:\/\/becquel.com\/blog\/ca\/folleto-instalacion-residencial\/","name":"Folleto con informaci\u00f3n sobre la instalaci\u00f3n residencial de m\u00f3dulos solares","isPartOf":{"@id":"https:\/\/becquel.com\/blog\/es\/#website"},"datePublished":"2020-07-23T07:47:09+00:00","dateModified":"2020-08-17T06:17:09+00:00","description":"Os ofrecemos un folleto informativo con todo lo necesario para conocer nuestro proceso para hacer tu instalaci\u00f3n solar residencial.","breadcrumb":{"@id":"https:\/\/becquel.com\/blog\/ca\/folleto-instalacion-residencial\/#breadcrumb"},"inLanguage":"es","potentialAction":[{"@type":"ReadAction","target":["https:\/\/becquel.com\/blog\/ca\/folleto-instalacion-residencial\/"]}]},{"@type":"BreadcrumbList","@id":"https:\/\/becquel.com\/blog\/ca\/folleto-instalacion-residencial\/#breadcrumb","itemListElement":[{"@type":"ListItem","position":1,"name":"Home","item":"https:\/\/becquel.com\/blog\/es\/"},{"@type":"ListItem","position":2,"name":"Folleto instalaci\u00f3n residencial"}]}]}},"amp_enabled":true,"_links":{"self":[{"href":"https:\/\/becquel.com\/blog\/es\/wp-json\/wp\/v2\/pages\/4419"}],"collection":[{"href":"https:\/\/becquel.com\/blog\/es\/wp-json\/wp\/v2\/pages"}],"about":[{"href":"https:\/\/becquel.com\/blog\/es\/wp-json\/wp\/v2\/types\/page"}],"author":[{"embeddable":true,"href":"https:\/\/becquel.com\/blog\/es\/wp-json\/wp\/v2\/users\/7"}],"replies":[{"embeddable":true,"href":"https:\/\/becquel.com\/blog\/es\/wp-json\/wp\/v2\/comments?post=4419"}],"version-history":[{"count":20,"href":"https:\/\/becquel.com\/blog\/es\/wp-json\/wp\/v2\/pages\/4419\/revisions"}],"predecessor-version":[{"id":4540,"href":"https:\/\/becquel.com\/blog\/es\/wp-json\/wp\/v2\/pages\/4419\/revisions\/4540"}],"wp:attachment":[{"href":"https:\/\/becquel.com\/blog\/es\/wp-json\/wp\/v2\/media?parent=4419"}],"curies":[{"name":"wp","href":"https:\/\/api.w.org\/{rel}","templated":true}]}}