{"id":1327,"date":"2019-06-27T16:30:53","date_gmt":"2019-06-27T14:30:53","guid":{"rendered":"https:\/\/becquel.com\/blog\/?page_id=1327"},"modified":"2020-07-23T11:18:05","modified_gmt":"2020-07-23T09:18:05","slug":"que-hacemos-en-becquel","status":"publish","type":"page","link":"https:\/\/becquel.com\/blog\/es\/que-hacemos-en-becquel\/","title":{"rendered":"\u00bfQu\u00e9 hacemos en Becquel?"},"content":{"rendered":"\n<h2>Misi\u00f3n<\/h2>\n\n\n\n<p class=\"has-text-align-justify has-medium-font-size\"><a href=\"https:\/\/becquel.com\/es\/\">Becquel<\/a> somos una empresa innovadora dedicada a la venta y montaje de plantas fotovoltaicas y cargadores para veh\u00edculos el\u00e9ctricos; con la intenci\u00f3n de potenciar la fabricaci\u00f3n energ\u00e9tica propia de una manera m\u00e1s responsable con el planeta. Nuestro objetivo es que todos puedan instalar energ\u00eda solar a un precio justo; asesor\u00e1ndoos des del inicio haci\u00e9ndoos los estudios pertinentes, hasta terminar la instalaci\u00f3n y poderle hacer las revisiones necesarias. <\/p>\n\n\n\n<p class=\"has-text-align-justify has-medium-font-size\">Estamos especializados en instalaciones dom\u00e9sticas, comerciales y compras solares colectivas, intentando dar siempre los mejores resultados a nuestros clientes que quieren dar el salto hacia el autoconsumo. <\/p>\n\n\n\n<p class=\"has-text-align-justify has-medium-font-size\">Como \u00faltima novedad tambi\u00e9n hemos decidido poner en marcha la <a href=\"https:\/\/becquel.com\/shop\/\">venta<\/a> de los materiales necesarios para hacerse una instalaci\u00f3n propia, garantizando una alta calidad e intentando dar siempre los mejores precios.<\/p>\n\n\n\n<h2>Visi\u00f3n<\/h2>\n\n\n\n<p class=\"has-text-align-justify has-medium-font-size\"><br>Nuestra visi\u00f3n a largo plazo es poder llegar siempre al m\u00e1ximo n\u00famero de personas para que se aventuren a hacer el cambio, y a partir de ah\u00ed descubran todas las ventajas de la energ\u00eda renovable. <\/p>\n\n\n\n<p class=\"has-text-align-justify has-medium-font-size\">Becquel tambi\u00e9n tiene la intenci\u00f3n de seguir creciendo y expandiendo sus relaciones con otras empresas para poder seguir mejorando. Hasta ahora, podemos destacar colaboraciones como las siguientes: la compa\u00f1\u00eda fabricante china <a href=\"https:\/\/chintenergy.com\/\" target=\"_blank\" aria-label=\"undefined (s'obre en una pestanya nova)\" rel=\"noreferrer noopener\">Chint Energy<\/a>, la empresa arquitect\u00f3nica <a href=\"https:\/\/inkub.eu\/es\/\" target=\"_blank\" aria-label=\"undefined (s'obre en una pestanya nova)\" rel=\"noreferrer noopener\">Inkub<\/a> o la proveedora de cargadores para veh\u00edculos el\u00e9ctricos <a href=\"http:\/\/wallbox.com\/en_catalog\" target=\"_blank\" aria-label=\"undefined (s'obre en una pestanya nova)\" rel=\"noreferrer noopener\">Wallbox<\/a>.<\/p>\n\n\n\n<h2>Valores<\/h2>\n\n\n\n<p class=\"has-text-align-justify has-medium-font-size\">Nos definimos como una empresa que destaca por dar siempre un trato cercano a nuestros clientes, intentando buscar las soluciones m\u00e1s eficientes y econ\u00f3micas a la vez. Trabajamos para adaptarnos con facilidad a nuevos tipos de retos de una forma novedosa, por lo que dejamos libertad a cada miembro de la compa\u00f1\u00eda para hacer sus aportaciones. <\/p>\n\n\n\n<p class=\"has-text-align-justify has-medium-font-size\">En conclusi\u00f3n, nuestra principal meta es poder aportar este tipo de acciones hacia un mundo m\u00e1s ecol\u00f3gico respetando el medio ambiente.<\/p>\n\n\n\n<figure class=\"wp-block-gallery columns-3 is-cropped\"><ul class=\"blocks-gallery-grid\"><li class=\"blocks-gallery-item\"><figure><img loading=\"lazy\" width=\"1160\" height=\"653\" src=\"https:\/\/i0.wp.com\/becquel.com\/blog\/wp-content\/uploads\/2020\/07\/autoconsumo_energia_solar_fotovoltaica_terrassa_unifamiliar0612.jpg?resize=1160%2C653&#038;ssl=1\" alt=\"\" data-id=\"4166\" data-full-url=\"https:\/\/becquel.com\/blog\/wp-content\/uploads\/2020\/07\/autoconsumo_energia_solar_fotovoltaica_terrassa_unifamiliar0612.jpg\" data-link=\"https:\/\/becquel.com\/blog\/autoconsumo_energia_solar_fotovoltaica_terrassa_unifamiliar0612\/\" class=\"wp-image-4166\" srcset=\"https:\/\/i0.wp.com\/becquel.com\/blog\/wp-content\/uploads\/2020\/07\/autoconsumo_energia_solar_fotovoltaica_terrassa_unifamiliar0612.jpg?resize=1160%2C653&amp;ssl=1 1160w, https:\/\/i0.wp.com\/becquel.com\/blog\/wp-content\/uploads\/2020\/07\/autoconsumo_energia_solar_fotovoltaica_terrassa_unifamiliar0612.jpg?resize=800%2C450&amp;ssl=1 800w, https:\/\/i0.wp.com\/becquel.com\/blog\/wp-content\/uploads\/2020\/07\/autoconsumo_energia_solar_fotovoltaica_terrassa_unifamiliar0612.jpg?resize=320%2C180&amp;ssl=1 320w, https:\/\/i0.wp.com\/becquel.com\/blog\/wp-content\/uploads\/2020\/07\/autoconsumo_energia_solar_fotovoltaica_terrassa_unifamiliar0612.jpg?resize=560%2C315&amp;ssl=1 560w, https:\/\/i0.wp.com\/becquel.com\/blog\/wp-content\/uploads\/2020\/07\/autoconsumo_energia_solar_fotovoltaica_terrassa_unifamiliar0612.jpg?w=1200&amp;ssl=1 1200w\" sizes=\"(max-width: 1160px) 100vw, 1160px\" data-recalc-dims=\"1\" \/><\/figure><\/li><li class=\"blocks-gallery-item\"><figure><img loading=\"lazy\" width=\"1160\" height=\"1547\" src=\"https:\/\/i0.wp.com\/becquel.com\/blog\/wp-content\/uploads\/2019\/09\/alcarras_cargador_vehiculo_electrico_catalunya_7.jpg?resize=1160%2C1547&#038;ssl=1\" alt=\"cargador para veh\u00edculos el\u00e9ctricos Alcarr\u00e0s\" data-id=\"1881\" data-full-url=\"https:\/\/becquel.com\/blog\/wp-content\/uploads\/2019\/09\/alcarras_cargador_vehiculo_electrico_catalunya_7.jpg\" data-link=\"https:\/\/becquel.com\/blog\/alcarras_cargador_vehiculo_electrico_catalunya_7\/\" class=\"wp-image-1881\" srcset=\"https:\/\/i0.wp.com\/becquel.com\/blog\/wp-content\/uploads\/2019\/09\/alcarras_cargador_vehiculo_electrico_catalunya_7.jpg?resize=1160%2C1547&amp;ssl=1 1160w, https:\/\/i0.wp.com\/becquel.com\/blog\/wp-content\/uploads\/2019\/09\/alcarras_cargador_vehiculo_electrico_catalunya_7.jpg?resize=800%2C1067&amp;ssl=1 800w, https:\/\/i0.wp.com\/becquel.com\/blog\/wp-content\/uploads\/2019\/09\/alcarras_cargador_vehiculo_electrico_catalunya_7.jpg?resize=320%2C427&amp;ssl=1 320w, https:\/\/i0.wp.com\/becquel.com\/blog\/wp-content\/uploads\/2019\/09\/alcarras_cargador_vehiculo_electrico_catalunya_7.jpg?resize=560%2C747&amp;ssl=1 560w, https:\/\/i0.wp.com\/becquel.com\/blog\/wp-content\/uploads\/2019\/09\/alcarras_cargador_vehiculo_electrico_catalunya_7.jpg?resize=1920%2C2560&amp;ssl=1 1920w, https:\/\/i0.wp.com\/becquel.com\/blog\/wp-content\/uploads\/2019\/09\/alcarras_cargador_vehiculo_electrico_catalunya_7.jpg?w=3024&amp;ssl=1 3024w, https:\/\/i0.wp.com\/becquel.com\/blog\/wp-content\/uploads\/2019\/09\/alcarras_cargador_vehiculo_electrico_catalunya_7.jpg?w=2320&amp;ssl=1 2320w\" sizes=\"(max-width: 1160px) 100vw, 1160px\" data-recalc-dims=\"1\" \/><\/figure><\/li><li class=\"blocks-gallery-item\"><figure><img loading=\"lazy\" width=\"1160\" height=\"653\" src=\"https:\/\/i0.wp.com\/becquel.com\/blog\/wp-content\/uploads\/2020\/04\/plaques_solars_residencia_autoconsum_0162.jpg?resize=1160%2C653&#038;ssl=1\" alt=\"\" data-id=\"3595\" data-full-url=\"https:\/\/becquel.com\/blog\/wp-content\/uploads\/2020\/04\/plaques_solars_residencia_autoconsum_0162.jpg\" data-link=\"https:\/\/becquel.com\/blog\/plaques_solars_residencia_autoconsum_0162\/\" class=\"wp-image-3595\" srcset=\"https:\/\/i0.wp.com\/becquel.com\/blog\/wp-content\/uploads\/2020\/04\/plaques_solars_residencia_autoconsum_0162.jpg?resize=1160%2C653&amp;ssl=1 1160w, https:\/\/i0.wp.com\/becquel.com\/blog\/wp-content\/uploads\/2020\/04\/plaques_solars_residencia_autoconsum_0162.jpg?resize=800%2C450&amp;ssl=1 800w, https:\/\/i0.wp.com\/becquel.com\/blog\/wp-content\/uploads\/2020\/04\/plaques_solars_residencia_autoconsum_0162.jpg?resize=320%2C180&amp;ssl=1 320w, https:\/\/i0.wp.com\/becquel.com\/blog\/wp-content\/uploads\/2020\/04\/plaques_solars_residencia_autoconsum_0162.jpg?resize=560%2C315&amp;ssl=1 560w, https:\/\/i0.wp.com\/becquel.com\/blog\/wp-content\/uploads\/2020\/04\/plaques_solars_residencia_autoconsum_0162.jpg?w=1200&amp;ssl=1 1200w\" sizes=\"(max-width: 1160px) 100vw, 1160px\" data-recalc-dims=\"1\" \/><\/figure><\/li><\/ul><\/figure>\n\n\n\n<h3 class=\"has-text-align-center\">Si desea disfrutar del autoconsumo y se decide por la energ\u00eda solar, \u00a1no dude en ponerse en contacto con nosotros (becquel@becquel.com o <a aria-label=\"undefined (s'obre en una pestanya nova)\" href=\"http:\/\/wa.me\/34602223253\" target=\"_blank\" rel=\"noreferrer noopener\">WhatsApp corporativo<\/a>) para obtener un estudio gratis s\u00f3lo con la factura de la luz!<\/h3>\n\n\n\n<div class=\"wp-block-image\"><figure class=\"aligncenter size-large is-resized\"><img loading=\"lazy\" src=\"https:\/\/i0.wp.com\/becquel.com\/blog\/wp-content\/uploads\/2020\/07\/logo-becquel.png?resize=118%2C95&#038;ssl=1\" alt=\"\" class=\"wp-image-4232\" width=\"118\" height=\"95\" srcset=\"https:\/\/i0.wp.com\/becquel.com\/blog\/wp-content\/uploads\/2020\/07\/logo-becquel.png?w=650&amp;ssl=1 650w, https:\/\/i0.wp.com\/becquel.com\/blog\/wp-content\/uploads\/2020\/07\/logo-becquel.png?resize=320%2C258&amp;ssl=1 320w, https:\/\/i0.wp.com\/becquel.com\/blog\/wp-content\/uploads\/2020\/07\/logo-becquel.png?resize=560%2C452&amp;ssl=1 560w\" sizes=\"(max-width: 118px) 100vw, 118px\" data-recalc-dims=\"1\" \/><figcaption>especialistas en energ\u00eda solar<\/figcaption><\/figure><\/div>\n\n\n\n<p><\/p>\n","protected":false},"excerpt":{"rendered":"<div class=\"post-excerpt\">Misi\u00f3n Becquel somos una empresa innovadora dedicada a la venta y montaje de plantas fotovoltaicas y cargadores para veh\u00edculos el\u00e9ctricos; con la intenci\u00f3n de potenciar la fabricaci\u00f3n energ\u00e9tica propia de&hellip;<\/div>\n<div class=\"post-more\"><a href=\"https:\/\/becquel.com\/blog\/es\/que-hacemos-en-becquel\/\" class=\"button button-primary button-effect\"><span>Llegeix l&#039;entrada<\/span><span><i class=\"cs-icon cs-icon-arrow-right\"><\/i><\/span><\/a><\/div>\n","protected":false},"author":7,"featured_media":3904,"parent":0,"menu_order":0,"comment_status":"closed","ping_status":"closed","template":"","meta":{"spay_email":""},"yoast_head":"<!-- This site is optimized with the Yoast SEO plugin v18.6 - https:\/\/yoast.com\/wordpress\/plugins\/seo\/ -->\n<title>\u00bfQu\u00e9 hacemos en Becquel? &bull; Misi\u00f3n, visi\u00f3n y valores<\/title>\n<meta name=\"description\" content=\"Becquel es una empresa especializada en la instalaci\u00f3n de placas solares para el autoconsumo. Nuestra meta es llegar al cambio energ\u00e9tico que necesitamos.\" \/>\n<meta name=\"robots\" content=\"index, follow, max-snippet:-1, max-image-preview:large, max-video-preview:-1\" \/>\n<link rel=\"canonical\" href=\"https:\/\/becquel.com\/blog\/es\/que-hacemos-en-becquel\/\" \/>\n<meta property=\"og:locale\" content=\"es_ES\" \/>\n<meta property=\"og:type\" content=\"article\" \/>\n<meta property=\"og:title\" content=\"\u00bfQu\u00e9 hacemos en Becquel? &bull; Misi\u00f3n, visi\u00f3n y valores\" \/>\n<meta property=\"og:description\" content=\"Becquel es una empresa especializada en la instalaci\u00f3n de placas solares para el autoconsumo. Nuestra meta es llegar al cambio energ\u00e9tico que necesitamos.\" \/>\n<meta property=\"og:url\" content=\"https:\/\/becquel.com\/blog\/es\/que-hacemos-en-becquel\/\" \/>\n<meta property=\"og:site_name\" content=\"Todas las noticias de Becquel sobre energ\u00eda solar y renovable en general\" \/>\n<meta property=\"article:publisher\" content=\"https:\/\/www.facebook.com\/becquelER\/\" \/>\n<meta property=\"article:modified_time\" content=\"2020-07-23T09:18:05+00:00\" \/>\n<meta property=\"og:image\" content=\"https:\/\/i0.wp.com\/becquel.com\/blog\/wp-content\/uploads\/2020\/06\/energia_solar_cases_prefabricades_lleida_ciutat_jardi_0494.jpg?fit=1200%2C675&#038;ssl=1\" \/>\n\t<meta property=\"og:image:width\" content=\"1200\" \/>\n\t<meta property=\"og:image:height\" content=\"675\" \/>\n\t<meta property=\"og:image:type\" content=\"image\/jpeg\" \/>\n<meta name=\"twitter:card\" content=\"summary_large_image\" \/>\n<meta name=\"twitter:site\" content=\"@becquelenergia\" \/>\n<meta name=\"twitter:label1\" content=\"Tiempo de lectura\" \/>\n\t<meta name=\"twitter:data1\" content=\"2 minutos\" \/>\n<script type=\"application\/ld+json\" class=\"yoast-schema-graph\">{\"@context\":\"https:\/\/schema.org\",\"@graph\":[{\"@type\":\"WebSite\",\"@id\":\"https:\/\/becquel.com\/blog\/es\/#website\",\"url\":\"https:\/\/becquel.com\/blog\/es\/\",\"name\":\"Todas las noticias de Becquel sobre energ\u00eda solar y renovable en general\",\"description\":\"Desde Becquel pensamos que una parte esencial de la energ\u00eda solar es estar bien informado; y poder hacer llegar a todos sus beneficios.\",\"potentialAction\":[{\"@type\":\"SearchAction\",\"target\":{\"@type\":\"EntryPoint\",\"urlTemplate\":\"https:\/\/becquel.com\/blog\/es\/?s={search_term_string}\"},\"query-input\":\"required name=search_term_string\"}],\"inLanguage\":\"es\"},{\"@type\":\"ImageObject\",\"@id\":\"https:\/\/becquel.com\/blog\/es\/que-hacemos-en-becquel\/#primaryimage\",\"inLanguage\":\"es\",\"url\":\"https:\/\/i0.wp.com\/becquel.com\/blog\/wp-content\/uploads\/2020\/06\/energia_solar_cases_prefabricades_lleida_ciutat_jardi_0494.jpg?fit=1200%2C675&ssl=1\",\"contentUrl\":\"https:\/\/i0.wp.com\/becquel.com\/blog\/wp-content\/uploads\/2020\/06\/energia_solar_cases_prefabricades_lleida_ciutat_jardi_0494.jpg?fit=1200%2C675&ssl=1\",\"width\":1200,\"height\":675},{\"@type\":\"WebPage\",\"@id\":\"https:\/\/becquel.com\/blog\/es\/que-hacemos-en-becquel\/#webpage\",\"url\":\"https:\/\/becquel.com\/blog\/es\/que-hacemos-en-becquel\/\",\"name\":\"\u00bfQu\u00e9 hacemos en Becquel? &bull; Misi\u00f3n, visi\u00f3n y valores\",\"isPartOf\":{\"@id\":\"https:\/\/becquel.com\/blog\/es\/#website\"},\"primaryImageOfPage\":{\"@id\":\"https:\/\/becquel.com\/blog\/es\/que-hacemos-en-becquel\/#primaryimage\"},\"datePublished\":\"2019-06-27T14:30:53+00:00\",\"dateModified\":\"2020-07-23T09:18:05+00:00\",\"description\":\"Becquel es una empresa especializada en la instalaci\u00f3n de placas solares para el autoconsumo. Nuestra meta es llegar al cambio energ\u00e9tico que necesitamos.\",\"breadcrumb\":{\"@id\":\"https:\/\/becquel.com\/blog\/es\/que-hacemos-en-becquel\/#breadcrumb\"},\"inLanguage\":\"es\",\"potentialAction\":[{\"@type\":\"ReadAction\",\"target\":[\"https:\/\/becquel.com\/blog\/es\/que-hacemos-en-becquel\/\"]}]},{\"@type\":\"BreadcrumbList\",\"@id\":\"https:\/\/becquel.com\/blog\/es\/que-hacemos-en-becquel\/#breadcrumb\",\"itemListElement\":[{\"@type\":\"ListItem\",\"position\":1,\"name\":\"Home\",\"item\":\"https:\/\/becquel.com\/blog\/es\/\"},{\"@type\":\"ListItem\",\"position\":2,\"name\":\"\u00bfQu\u00e9 hacemos en Becquel?\"}]}]}<\/script>\n<!-- \/ Yoast SEO plugin. -->","yoast_head_json":{"title":"\u00bfQu\u00e9 hacemos en Becquel? &bull; Misi\u00f3n, visi\u00f3n y valores","description":"Becquel es una empresa especializada en la instalaci\u00f3n de placas solares para el autoconsumo. Nuestra meta es llegar al cambio energ\u00e9tico que necesitamos.","robots":{"index":"index","follow":"follow","max-snippet":"max-snippet:-1","max-image-preview":"max-image-preview:large","max-video-preview":"max-video-preview:-1"},"canonical":"https:\/\/becquel.com\/blog\/es\/que-hacemos-en-becquel\/","og_locale":"es_ES","og_type":"article","og_title":"\u00bfQu\u00e9 hacemos en Becquel? &bull; Misi\u00f3n, visi\u00f3n y valores","og_description":"Becquel es una empresa especializada en la instalaci\u00f3n de placas solares para el autoconsumo. Nuestra meta es llegar al cambio energ\u00e9tico que necesitamos.","og_url":"https:\/\/becquel.com\/blog\/es\/que-hacemos-en-becquel\/","og_site_name":"Todas las noticias de Becquel sobre energ\u00eda solar y renovable en general","article_publisher":"https:\/\/www.facebook.com\/becquelER\/","article_modified_time":"2020-07-23T09:18:05+00:00","og_image":[{"width":1200,"height":675,"url":"https:\/\/i0.wp.com\/becquel.com\/blog\/wp-content\/uploads\/2020\/06\/energia_solar_cases_prefabricades_lleida_ciutat_jardi_0494.jpg?fit=1200%2C675&ssl=1","type":"image\/jpeg"}],"twitter_card":"summary_large_image","twitter_site":"@becquelenergia","twitter_misc":{"Tiempo de lectura":"2 minutos"},"schema":{"@context":"https:\/\/schema.org","@graph":[{"@type":"WebSite","@id":"https:\/\/becquel.com\/blog\/es\/#website","url":"https:\/\/becquel.com\/blog\/es\/","name":"Todas las noticias de Becquel sobre energ\u00eda solar y renovable en general","description":"Desde Becquel pensamos que una parte esencial de la energ\u00eda solar es estar bien informado; y poder hacer llegar a todos sus beneficios.","potentialAction":[{"@type":"SearchAction","target":{"@type":"EntryPoint","urlTemplate":"https:\/\/becquel.com\/blog\/es\/?s={search_term_string}"},"query-input":"required name=search_term_string"}],"inLanguage":"es"},{"@type":"ImageObject","@id":"https:\/\/becquel.com\/blog\/es\/que-hacemos-en-becquel\/#primaryimage","inLanguage":"es","url":"https:\/\/i0.wp.com\/becquel.com\/blog\/wp-content\/uploads\/2020\/06\/energia_solar_cases_prefabricades_lleida_ciutat_jardi_0494.jpg?fit=1200%2C675&ssl=1","contentUrl":"https:\/\/i0.wp.com\/becquel.com\/blog\/wp-content\/uploads\/2020\/06\/energia_solar_cases_prefabricades_lleida_ciutat_jardi_0494.jpg?fit=1200%2C675&ssl=1","width":1200,"height":675},{"@type":"WebPage","@id":"https:\/\/becquel.com\/blog\/es\/que-hacemos-en-becquel\/#webpage","url":"https:\/\/becquel.com\/blog\/es\/que-hacemos-en-becquel\/","name":"\u00bfQu\u00e9 hacemos en Becquel? &bull; Misi\u00f3n, visi\u00f3n y valores","isPartOf":{"@id":"https:\/\/becquel.com\/blog\/es\/#website"},"primaryImageOfPage":{"@id":"https:\/\/becquel.com\/blog\/es\/que-hacemos-en-becquel\/#primaryimage"},"datePublished":"2019-06-27T14:30:53+00:00","dateModified":"2020-07-23T09:18:05+00:00","description":"Becquel es una empresa especializada en la instalaci\u00f3n de placas solares para el autoconsumo. Nuestra meta es llegar al cambio energ\u00e9tico que necesitamos.","breadcrumb":{"@id":"https:\/\/becquel.com\/blog\/es\/que-hacemos-en-becquel\/#breadcrumb"},"inLanguage":"es","potentialAction":[{"@type":"ReadAction","target":["https:\/\/becquel.com\/blog\/es\/que-hacemos-en-becquel\/"]}]},{"@type":"BreadcrumbList","@id":"https:\/\/becquel.com\/blog\/es\/que-hacemos-en-becquel\/#breadcrumb","itemListElement":[{"@type":"ListItem","position":1,"name":"Home","item":"https:\/\/becquel.com\/blog\/es\/"},{"@type":"ListItem","position":2,"name":"\u00bfQu\u00e9 hacemos en Becquel?"}]}]}},"amp_enabled":true,"_links":{"self":[{"href":"https:\/\/becquel.com\/blog\/es\/wp-json\/wp\/v2\/pages\/1327"}],"collection":[{"href":"https:\/\/becquel.com\/blog\/es\/wp-json\/wp\/v2\/pages"}],"about":[{"href":"https:\/\/becquel.com\/blog\/es\/wp-json\/wp\/v2\/types\/page"}],"author":[{"embeddable":true,"href":"https:\/\/becquel.com\/blog\/es\/wp-json\/wp\/v2\/users\/7"}],"replies":[{"embeddable":true,"href":"https:\/\/becquel.com\/blog\/es\/wp-json\/wp\/v2\/comments?post=1327"}],"version-history":[{"count":14,"href":"https:\/\/becquel.com\/blog\/es\/wp-json\/wp\/v2\/pages\/1327\/revisions"}],"predecessor-version":[{"id":4410,"href":"https:\/\/becquel.com\/blog\/es\/wp-json\/wp\/v2\/pages\/1327\/revisions\/4410"}],"wp:featuredmedia":[{"embeddable":true,"href":"https:\/\/becquel.com\/blog\/es\/wp-json\/wp\/v2\/media\/3904"}],"wp:attachment":[{"href":"https:\/\/becquel.com\/blog\/es\/wp-json\/wp\/v2\/media?parent=1327"}],"curies":[{"name":"wp","href":"https:\/\/api.w.org\/{rel}","templated":true}]}}