{"id":6035,"date":"2020-10-23T11:26:42","date_gmt":"2020-10-23T09:26:42","guid":{"rendered":"https:\/\/becquel.com\/blog\/?page_id=6035"},"modified":"2020-10-23T13:51:51","modified_gmt":"2020-10-23T11:51:51","slug":"faqs-autoconsumo-energetico","status":"publish","type":"page","link":"https:\/\/becquel.com\/blog\/ca\/faqs-autoconsum-energetic\/","title":{"rendered":"FAQS de l\u2019autoconsum energ\u00e8tic"},"content":{"rendered":"<p class=\"has-text-align-justify\">Amb aquests <a href=\"https:\/\/becquel.com\/blog\/ca\/\" target=\"_blank\" rel=\"noreferrer noopener\">autoconsum energ\u00e8tic<\/a> volem donar la resposta de totes les preguntes m\u00e9s freq\u00fcents i que no caduquen volem facilitar l\u2019acc\u00e8s a la informaci\u00f3 per poder resoldre dubtes amb tot moment. Ara l\u2019autoconsum energ\u00e8tic est\u00e0 a l\u2019abast de tothom i volem formar part del canvi que esteu apunt de realitzar.<\/p>\n\n\n\n<p class=\"has-text-align-justify\">I si ens hem deixat qualsevol pregunta per respondre amb aquest FAQS autoconsum energ\u00e8tic nom\u00e9s ens has de consultar-ho a trav\u00e9s de les xarxes socials.<\/p>\n\n\n\n<div id=\"sp-ea-6034\" class=\"sp-ea-one sp-easy-accordion\" data-ex-icon=\"fa-minus\" data-col-icon=\"fa-plus\"  data-ea-active=\"ea-click\"  data-ea-mode=\"vertical\" data-preloader=\"\"><div class=\"ea-card  sp-ea-single\"><h3 class=\"ea-header\"><a class=\"collapsed\" data-sptoggle=\"spcollapse\" data-sptarget=#collapse60340 href=\"javascript:void(0)\" aria-expanded=\"false\"><i class=\"ea-expand-icon fa fa-plus\"><\/i> Qu\u00e8 \u00e9s l'autoconsum?<\/a><\/h3><div class=\"sp-collapse spcollapse spcollapse\" id=\"collapse60340\" data-parent=#sp-ea-6034><div class=\"ea-body\"><div class=\"ea-card sp-ea-single ea-expand\">\n<div id=\"collapse60230\" class=\"sp-collapse spcollapse show\" data-parent=\"#sp-ea-6023\">\n<div class=\"ea-body\">\n<div class=\"sm_accordion_section group\">\n<div id=\"ui-id-2\" class=\"sm_accordion_content ui-accordion-content vc_clearfix ui-helper-reset ui-widget-content ui-corner-bottom ui-accordion-content-active\" role=\"tabpanel\" aria-labelledby=\"ui-id-1\" aria-hidden=\"false\">\n<div class=\"sm_column_text sm_content_element\">\n<div class=\"sm_wrapper\">\n<p><span style=\"color: #000000\">Al parlar de l'autoconsum parlem que \u00e9s la generaci\u00f3 d'energia el\u00e8ctrica destinada principalment pel consum propi. A m\u00e9s, aquesta energia s'ha generat en el mateix edifici o aprop i injectat a l'interior de la xarxa d'un punt de subministrament.<\/span><\/p>\n<\/div>\n<\/div>\n<\/div>\n<\/div>\n<\/div>\n<\/div>\n<\/div>\n<\/div><\/div><\/div><div class=\"ea-card  sp-ea-single\"><h3 class=\"ea-header\"><a class=\"collapsed\" data-sptoggle=\"spcollapse\" data-sptarget=#collapse60341 href=\"javascript:void(0)\" aria-expanded=\"false\"><i class=\"ea-expand-icon fa fa-plus\"><\/i> Per qu\u00e8 volem autoconsumir?<\/a><\/h3><div class=\"sp-collapse spcollapse spcollapse\" id=\"collapse60341\" data-parent=#sp-ea-6034><div class=\"ea-body\"><p><span style=\"color: #000000\">El motiu \u00e9s f\u00e0cil. \u00c9s la forma m\u00e9s econ\u00f2mica i ecol\u00f2gica de generar electricitat a casa o a la nostra feina (nau industrial). Podem generar aquesta energia per nosaltres mateixos, a un preu m\u00e9s barat que el de la xarxa el\u00e8ctrica, de forma 100% neta i sostenible.<\/span><\/p>\n<\/div><\/div><\/div><div class=\"ea-card  sp-ea-single\"><h3 class=\"ea-header\"><a class=\"collapsed\" data-sptoggle=\"spcollapse\" data-sptarget=#collapse60342 href=\"javascript:void(0)\" aria-expanded=\"false\"><i class=\"ea-expand-icon fa fa-plus\"><\/i> \u00c9s legal ser autoconsumidors?<\/a><\/h3><div class=\"sp-collapse spcollapse spcollapse\" id=\"collapse60342\" data-parent=#sp-ea-6034><div class=\"ea-body\"><div class=\"ea-card sp-ea-single ea-expand\">\n<div id=\"collapse60232\" class=\"sp-collapse spcollapse show\" data-parent=\"#sp-ea-6023\">\n<div class=\"ea-body\">\n<p><span style=\"color: #000000\">S\u00ed, de fet \u00e9s el millor moment desde l'aprovaci\u00f3 del Reial Decret 244\/2019 que regula l\u2019autoconsum d\u2019energia el\u00e8ctrica.<\/span><\/p>\n<\/div>\n<\/div>\n<\/div>\n<div class=\"ea-card sp-ea-single\">\n<h3 class=\"ea-header\"><\/h3>\n<\/div>\n<\/div><\/div><\/div><div class=\"ea-card  sp-ea-single\"><h3 class=\"ea-header\"><a class=\"collapsed\" data-sptoggle=\"spcollapse\" data-sptarget=#collapse60343 href=\"javascript:void(0)\" aria-expanded=\"false\"><i class=\"ea-expand-icon fa fa-plus\"><\/i> Tenir bateries \u00e9s legal?<\/a><\/h3><div class=\"sp-collapse spcollapse spcollapse\" id=\"collapse60343\" data-parent=#sp-ea-6034><div class=\"ea-body\"><p><span style=\"color: #000000\">S\u00ed, el mateix Reial Decret 244\/2019 permet i regula les instal\u00b7lacions de bateries.<\/span><\/p>\n<\/div><\/div><\/div><div class=\"ea-card  sp-ea-single\"><h3 class=\"ea-header\"><a class=\"collapsed\" data-sptoggle=\"spcollapse\" data-sptarget=#collapse60344 href=\"javascript:void(0)\" aria-expanded=\"false\"><i class=\"ea-expand-icon fa fa-plus\"><\/i> Quina pot\u00e8ncia puc instal\u00b7lar?<\/a><\/h3><div class=\"sp-collapse spcollapse spcollapse\" id=\"collapse60344\" data-parent=#sp-ea-6034><div class=\"ea-body\"><div class=\"ea-card  sp-ea-single ea-expand\">\n<div id=\"collapse60234\" class=\"sp-collapse spcollapse show\" data-parent=\"#sp-ea-6023\">\n<div class=\"ea-body\">\n<div class=\"sm_accordion_section group\">\n<div id=\"ui-id-14\" class=\"sm_accordion_content ui-accordion-content vc_clearfix ui-helper-reset ui-widget-content ui-corner-bottom ui-accordion-content-active\" role=\"tabpanel\" aria-labelledby=\"ui-id-13\" aria-hidden=\"false\">\n<div class=\"sm_column_text sm_content_element\">\n<div class=\"sm_wrapper\">\n<p><span style=\"color: #000000\">La pot\u00e8ncia m\u00e0xima instal\u00b7lar ho limita la pot\u00e8ncia contractada de la factura de la llum i sempre dependr\u00e0 del grau d'autoconsum que cadasc\u00fa vulgui aconseguir.<\/span><\/p>\n<\/div>\n<\/div>\n<\/div>\n<\/div>\n<\/div>\n<\/div>\n<\/div>\n<\/div><\/div><\/div><div class=\"ea-card  sp-ea-single\"><h3 class=\"ea-header\"><a class=\"collapsed\" data-sptoggle=\"spcollapse\" data-sptarget=#collapse60345 href=\"javascript:void(0)\" aria-expanded=\"false\"><i class=\"ea-expand-icon fa fa-plus\"><\/i> Quin cost t\u00e9 i quins estalvis puc obtenir?<\/a><\/h3><div class=\"sp-collapse spcollapse spcollapse\" id=\"collapse60345\" data-parent=#sp-ea-6034><div class=\"ea-body\"><div class=\"ea-card sp-ea-single ea-expand\">\n<div id=\"collapse60234\" class=\"sp-collapse spcollapse show\" data-parent=\"#sp-ea-6023\">\n<div class=\"ea-body\">\n<div class=\"sm_accordion_section group\">\n<div id=\"ui-id-14\" class=\"sm_accordion_content ui-accordion-content vc_clearfix ui-helper-reset ui-widget-content ui-corner-bottom ui-accordion-content-active\" role=\"tabpanel\" aria-labelledby=\"ui-id-13\" aria-hidden=\"false\">\n<div class=\"sm_column_text sm_content_element\">\n<div class=\"sm_wrapper\">\n<p><span style=\"color: #000000\">A nivell residencial una instal\u00b7laci\u00f3 fotovoltaica pot costar entre 4.000 i 10.000\u20ac. Aquestes instal\u00b7lacions gaudeixen d'una vida \u00fatil de 25-30 anys i generen fins a 50% del consum de la vivenda.\n\nSi volem podem instal\u00b7lar bateries i passar a un autoconsum total amb la incorporaci\u00f3 de bateries.\n\nA m\u00e9s, ara moltes poblacions bonifiquen la taxa de l'IBI i el ICIO fins al 50% en el primer cas i gaireb\u00e9 la totalitat en el ICIO.<\/span><\/p>\n<p><span style=\"color: #000000\">Si queremos podemos instalar bater\u00edas y pasar a un autoconsumo total con la incorporaci\u00f3n de bater\u00edas. Adem\u00e1s, ahora muchas poblaciones bonifican la tasa del IBI y el ICIO hasta el 50% en el primer caso y casi la totalidad en el ICIO.<\/span><\/p>\n<\/div>\n<\/div>\n<\/div>\n<\/div>\n<\/div>\n<\/div>\n<\/div>\n<\/div><\/div><\/div><div class=\"ea-card  sp-ea-single\"><h3 class=\"ea-header\"><a class=\"collapsed\" data-sptoggle=\"spcollapse\" data-sptarget=#collapse60346 href=\"javascript:void(0)\" aria-expanded=\"false\"><i class=\"ea-expand-icon fa fa-plus\"><\/i> Necessitem un manteniment per la nostra instal\u00b7laci\u00f3?<\/a><\/h3><div class=\"sp-collapse spcollapse spcollapse\" id=\"collapse60346\" data-parent=#sp-ea-6034><div class=\"ea-body\"><p><span style=\"color: #000000\">Moltes instal\u00b7lacions necessiten un manteniment b\u00e0sic per assegurar-se el bon funcionament i la rentabilitat de cada panell instal\u00b7lat. Al col\u00b7locar els panells a la teulada i moltes d'elles tenen pendent la pluja ajuda a netejar-les. Ara b\u00e9, sempre est\u00e0 b\u00e9 tenir acc\u00e8s per poder netejar-les peri\u00f2dicament.<\/span><\/p>\n<p><span style=\"color: #000000\">A Becquel oferim paquets de manteniments per instal\u00b7lacions residencials o industrials.<\/span><\/p>\n<\/div><\/div><\/div><div class=\"ea-card  sp-ea-single\"><h3 class=\"ea-header\"><a class=\"collapsed\" data-sptoggle=\"spcollapse\" data-sptarget=#collapse60347 href=\"javascript:void(0)\" aria-expanded=\"false\"><i class=\"ea-expand-icon fa fa-plus\"><\/i> I els excedents que genera cada instal\u00b7laci\u00f3? Els paguen?<\/a><\/h3><div class=\"sp-collapse spcollapse spcollapse\" id=\"collapse60347\" data-parent=#sp-ea-6034><div class=\"ea-body\"><p><span style=\"color: #000000\">Gaireb\u00e9 totes les instal\u00b7lacions generen excedents. Nosaltres gestionem tot el proc\u00e8s i tamb\u00e9 legalitzem les plantes per obtenir la bonificaci\u00f3 d'excedents a totes les companyies. El preu mig \u00e9s de 0,05c\u00e8ntims el kW.<\/span><\/p>\n<\/div><\/div><\/div><div class=\"ea-card  sp-ea-single\"><h3 class=\"ea-header\"><a class=\"collapsed\" data-sptoggle=\"spcollapse\" data-sptarget=#collapse60348 href=\"javascript:void(0)\" aria-expanded=\"false\"><i class=\"ea-expand-icon fa fa-plus\"><\/i> Les pedregades poden trencar els panells solars?<\/a><\/h3><div class=\"sp-collapse spcollapse spcollapse\" id=\"collapse60348\" data-parent=#sp-ea-6034><div class=\"ea-body\"><p id=\"tw-target-text\" class=\"tw-data-text tw-text-large XcVN5d tw-ta\" data-placeholder=\"Traducci\u00f3\"><span lang=\"es\" style=\"color: #000000\">Els panells que instal\u00b7lem tenen garantia del fabricant que aguanten fins a pedres de 45 mm de gruix.<\/span><\/p>\n<\/div><\/div><\/div><div class=\"ea-card  sp-ea-single\"><h3 class=\"ea-header\"><a class=\"collapsed\" data-sptoggle=\"spcollapse\" data-sptarget=#collapse60349 href=\"javascript:void(0)\" aria-expanded=\"false\"><i class=\"ea-expand-icon fa fa-plus\"><\/i> Si marxa la llum del carrera ens quedem sense llum a casa?<\/a><\/h3><div class=\"sp-collapse spcollapse spcollapse\" id=\"collapse60349\" data-parent=#sp-ea-6034><div class=\"ea-body\"><p><span style=\"color: #000000\">Tots els dispositius es sincronitzen amb la xarxa de distribuci\u00f3. Si aquesta cau, els equips de la instal\u00b7laci\u00f3 fotovoltaica es desconnecten i deixen de produ\u00efr energia per tal de prevenir possibles problemes a la xarxa (Encara que l'inversor estigui connectat a una bateria).<\/span><\/p>\n<p><span style=\"color: #000000\">Ara b\u00e9, sempre podem incorporar aparells complementaris com els que podr\u00edem utilitzar si no dispos\u00e9ssim d'una instal\u00b7laci\u00f3 solar com pot ser un SAI.<\/span><\/p>\n<\/div><\/div><\/div><div class=\"ea-card  sp-ea-single\"><h3 class=\"ea-header\"><a class=\"collapsed\" data-sptoggle=\"spcollapse\" data-sptarget=#collapse603410 href=\"javascript:void(0)\" aria-expanded=\"false\"><i class=\"ea-expand-icon fa fa-plus\"><\/i> Puc desconnectar-me per sempre de la xarxa el\u00e8ctrica?<\/a><\/h3><div class=\"sp-collapse spcollapse spcollapse\" id=\"collapse603410\" data-parent=#sp-ea-6034><div class=\"ea-body\"><p><span style=\"color: #000000\">S\u00ed, per\u00f2 no ho recomanem. Les instal\u00b7lacions a\u00efllades eleven el preu i gaireb\u00e9 sempre necessiten de bateries i\/o un grup electrogen per si s'acaben les bateries.<\/span><\/p>\n<p><span style=\"color: #000000\">Per la nostra sincera opini\u00f3, el millor \u00e9s seguir connectats a la xarxa i pagar el m\u00ednim de factura de la llum, ara b\u00e9, obtenir la bonificaci\u00f3 d'excedents i si tenim dies de mal temps, tenir la xarxa com a salva vides.<\/span><\/p>\n<\/div><\/div><\/div><\/div>\n\n\n\n<h2 class=\"has-text-align-center\">Vols transformar la teva teulada i passar a l\u2019autoconsum energ\u00e8tic?<\/h2>\n\n\n\n<p class=\"has-text-align-justify\">Si vols gaudir d\u2019una instal\u00b7laci\u00f3 fotovoltaica a casa teva o a la nau industrial on treballeu nom\u00e9s heu de contactar amb nosaltres a trav\u00e9s del correu becquel@becquel.com o del tel\u00e8fon <a href=\"https:\/\/www.google.com\/search?q=becquel&amp;oq=becquel&amp;aqs=chrome.0.69i59j69i60l6j69i65.1052j0j7&amp;sourceid=chrome&amp;ie=UTF-8#\">602 22 32 53<\/a>.<\/p>\n\n\n\n<figure class=\"wp-block-image size-large\"><img loading=\"lazy\" width=\"1160\" height=\"653\" src=\"https:\/\/i0.wp.com\/becquel.com\/blog\/wp-content\/uploads\/2020\/09\/casa_paneles_solares_alpicat_lleida0683.jpg?resize=1160%2C653&#038;ssl=1\" alt=\"FAQS autoconsumo energ\u00e9tico\" class=\"wp-image-5697\" srcset=\"https:\/\/i0.wp.com\/becquel.com\/blog\/wp-content\/uploads\/2020\/09\/casa_paneles_solares_alpicat_lleida0683.jpg?resize=1160%2C653&amp;ssl=1 1160w, https:\/\/i0.wp.com\/becquel.com\/blog\/wp-content\/uploads\/2020\/09\/casa_paneles_solares_alpicat_lleida0683.jpg?resize=800%2C450&amp;ssl=1 800w, https:\/\/i0.wp.com\/becquel.com\/blog\/wp-content\/uploads\/2020\/09\/casa_paneles_solares_alpicat_lleida0683.jpg?resize=320%2C180&amp;ssl=1 320w, https:\/\/i0.wp.com\/becquel.com\/blog\/wp-content\/uploads\/2020\/09\/casa_paneles_solares_alpicat_lleida0683.jpg?resize=560%2C315&amp;ssl=1 560w, https:\/\/i0.wp.com\/becquel.com\/blog\/wp-content\/uploads\/2020\/09\/casa_paneles_solares_alpicat_lleida0683.jpg?w=1200&amp;ssl=1 1200w\" sizes=\"(max-width: 1160px) 100vw, 1160px\" data-recalc-dims=\"1\" \/><\/figure>\n\n\n\n<p class=\"has-text-align-justify\">A m\u00e9s, ara tamb\u00e9 disposem de manteniments per la <a href=\"https:\/\/becquel.com\/blog\/ca\/mantenimiento\/\" target=\"_blank\" rel=\"noreferrer noopener\">instal\u00b7laci\u00f3 fotovoltaica<\/a>. Confia amb nosaltres per tenir una instal\u00b7laci\u00f3 en ple rendiment tot l'any. Oferim diferents plans que s'adapten a la pot\u00e8ncia instal\u00b7lada com en les opcions que vol cada client per tenir un manteniment correcte de la planta fotovoltaica.<\/p>\n\n\n\n<p>Comencem pels diferents paquets de manteniment solar  de menys de 15 kW, saltem als paquets de 15 kW a 100 kW i per \u00faltim les plantes solars de m\u00e9s de 100 kW.<\/p>\n\n\n\n<p class=\"has-text-align-justify\">Cada una d'aquestes potencies  inclouen tres possibilitats per tenir un manteniment a la carta per a cada client. El paquet b\u00e0sic, est\u00e0ndard i complet que ens permeten ofertar diferents opcions per a cada paquet\/pot\u00e8ncia. Aix\u00f2 si tots els paquets inclouen el monitoreig i el manteniment correctiu de les plantes solars.<\/p>\n\n\n\n<p class=\"has-text-align-justify\">Com a extra, sempre podem demanar una <strong><a href=\"https:\/\/becquel.com\/blog\/ca\/mantenimiento\/\" target=\"_blank\" rel=\"noreferrer noopener\">neteja de panells solars<\/a><\/strong> o un control de la radiaci\u00f3 de cada panell solar amb <strong><a href=\"https:\/\/becquel.com\/blog\/ca\/mantenimiento\/\" target=\"_blank\" rel=\"noreferrer noopener\">lectures t\u00e8rmiques per assegurar un bon funcionament de tots els panells en conjunt.<\/a><\/strong><\/p>","protected":false},"excerpt":{"rendered":"<div class=\"post-excerpt\">Con estos FAQS autoconsumo energ\u00e9tico queremos dar respuesta a todas las preguntas m\u00e1s frecuentes y que no caducan nunca para facilitar el acceso a la informaci\u00f3n y poder resolver todas&hellip;<\/div>\n<div class=\"post-more\"><a href=\"https:\/\/becquel.com\/blog\/ca\/faqs-autoconsum-energetic\/\" class=\"button button-primary button-effect\"><span>M\u00e9s informaci\u00f3<\/span><span><i class=\"cs-icon cs-icon-arrow-right\"><\/i><\/span><\/a><\/div>","protected":false},"author":4,"featured_media":0,"parent":0,"menu_order":0,"comment_status":"closed","ping_status":"closed","template":"","meta":{"spay_email":""},"yoast_head":"<!-- This site is optimized with the Yoast SEO plugin v18.6 - https:\/\/yoast.com\/wordpress\/plugins\/seo\/ -->\n<title>FAQS autoconsumo energ\u00e9tico: Todo lo que necesitamos sabear<\/title>\n<meta name=\"description\" content=\"Los FAQS autoconsumo energ\u00e9tico es todo lo que necesitamos saber para entender y resolver las dudas sobre el autoconsumo el\u00e9ctrico.\" \/>\n<meta name=\"robots\" content=\"index, follow, max-snippet:-1, max-image-preview:large, max-video-preview:-1\" \/>\n<link rel=\"canonical\" href=\"https:\/\/becquel.com\/blog\/ca\/faqs-autoconsum-energetic\/\" \/>\n<meta property=\"og:locale\" content=\"ca_ES\" \/>\n<meta property=\"og:type\" content=\"article\" \/>\n<meta property=\"og:title\" content=\"FAQS autoconsumo energ\u00e9tico: Todo lo que necesitamos sabear\" \/>\n<meta property=\"og:description\" content=\"Los FAQS autoconsumo energ\u00e9tico es todo lo que necesitamos saber para entender y resolver las dudas sobre el autoconsumo el\u00e9ctrico.\" \/>\n<meta property=\"og:url\" content=\"https:\/\/becquel.com\/blog\/ca\/faqs-autoconsum-energetic\/\" \/>\n<meta property=\"og:site_name\" content=\"Todas las noticias de Becquel sobre energ\u00eda solar y renovable en general\" \/>\n<meta property=\"article:publisher\" content=\"https:\/\/www.facebook.com\/becquelER\/\" \/>\n<meta property=\"article:modified_time\" content=\"2020-10-23T11:51:51+00:00\" \/>\n<meta property=\"og:image\" content=\"https:\/\/becquel.com\/blog\/wp-content\/uploads\/2020\/09\/casa_paneles_solares_alpicat_lleida0683-1160x653.jpg\" \/>\n<meta name=\"twitter:card\" content=\"summary_large_image\" \/>\n<meta name=\"twitter:site\" content=\"@becquelenergia\" \/>\n<meta name=\"twitter:label1\" content=\"Temps estimat de lectura\" \/>\n\t<meta name=\"twitter:data1\" content=\"1 minut\" \/>\n<script type=\"application\/ld+json\" class=\"yoast-schema-graph\">{\"@context\":\"https:\/\/schema.org\",\"@graph\":[{\"@type\":\"WebSite\",\"@id\":\"https:\/\/becquel.com\/blog\/es\/#website\",\"url\":\"https:\/\/becquel.com\/blog\/es\/\",\"name\":\"Todas las noticias de Becquel sobre energ\u00eda solar y renovable en general\",\"description\":\"Desde Becquel pensamos que una parte esencial de la energ\u00eda solar es estar bien informado; y poder hacer llegar a todos sus beneficios.\",\"potentialAction\":[{\"@type\":\"SearchAction\",\"target\":{\"@type\":\"EntryPoint\",\"urlTemplate\":\"https:\/\/becquel.com\/blog\/es\/?s={search_term_string}\"},\"query-input\":\"required name=search_term_string\"}],\"inLanguage\":\"ca\"},{\"@type\":\"ImageObject\",\"@id\":\"https:\/\/becquel.com\/blog\/es\/faqs-autoconsumo-energetico\/#primaryimage\",\"inLanguage\":\"ca\",\"url\":\"https:\/\/i0.wp.com\/becquel.com\/blog\/wp-content\/uploads\/2020\/09\/casa_paneles_solares_alpicat_lleida0683.jpg?fit=1200%2C675&ssl=1\",\"contentUrl\":\"https:\/\/i0.wp.com\/becquel.com\/blog\/wp-content\/uploads\/2020\/09\/casa_paneles_solares_alpicat_lleida0683.jpg?fit=1200%2C675&ssl=1\",\"width\":1200,\"height\":675},{\"@type\":\"WebPage\",\"@id\":\"https:\/\/becquel.com\/blog\/es\/faqs-autoconsumo-energetico\/#webpage\",\"url\":\"https:\/\/becquel.com\/blog\/es\/faqs-autoconsumo-energetico\/\",\"name\":\"FAQS autoconsumo energ\u00e9tico: Todo lo que necesitamos sabear\",\"isPartOf\":{\"@id\":\"https:\/\/becquel.com\/blog\/es\/#website\"},\"primaryImageOfPage\":{\"@id\":\"https:\/\/becquel.com\/blog\/es\/faqs-autoconsumo-energetico\/#primaryimage\"},\"datePublished\":\"2020-10-23T09:26:42+00:00\",\"dateModified\":\"2020-10-23T11:51:51+00:00\",\"description\":\"Los FAQS autoconsumo energ\u00e9tico es todo lo que necesitamos saber para entender y resolver las dudas sobre el autoconsumo el\u00e9ctrico.\",\"breadcrumb\":{\"@id\":\"https:\/\/becquel.com\/blog\/es\/faqs-autoconsumo-energetico\/#breadcrumb\"},\"inLanguage\":\"ca\",\"potentialAction\":[{\"@type\":\"ReadAction\",\"target\":[\"https:\/\/becquel.com\/blog\/es\/faqs-autoconsumo-energetico\/\"]}]},{\"@type\":\"BreadcrumbList\",\"@id\":\"https:\/\/becquel.com\/blog\/es\/faqs-autoconsumo-energetico\/#breadcrumb\",\"itemListElement\":[{\"@type\":\"ListItem\",\"position\":1,\"name\":\"Home\",\"item\":\"https:\/\/becquel.com\/blog\/es\/\"},{\"@type\":\"ListItem\",\"position\":2,\"name\":\"FAQS del autoconsumo energ\u00e9tico\"}]}]}<\/script>\n<!-- \/ Yoast SEO plugin. -->","yoast_head_json":{"title":"FAQS autoconsumo energ\u00e9tico: Todo lo que necesitamos sabear","description":"Los FAQS autoconsumo energ\u00e9tico es todo lo que necesitamos saber para entender y resolver las dudas sobre el autoconsumo el\u00e9ctrico.","robots":{"index":"index","follow":"follow","max-snippet":"max-snippet:-1","max-image-preview":"max-image-preview:large","max-video-preview":"max-video-preview:-1"},"canonical":"https:\/\/becquel.com\/blog\/ca\/faqs-autoconsum-energetic\/","og_locale":"ca_ES","og_type":"article","og_title":"FAQS autoconsumo energ\u00e9tico: Todo lo que necesitamos sabear","og_description":"Los FAQS autoconsumo energ\u00e9tico es todo lo que necesitamos saber para entender y resolver las dudas sobre el autoconsumo el\u00e9ctrico.","og_url":"https:\/\/becquel.com\/blog\/ca\/faqs-autoconsum-energetic\/","og_site_name":"Todas las noticias de Becquel sobre energ\u00eda solar y renovable en general","article_publisher":"https:\/\/www.facebook.com\/becquelER\/","article_modified_time":"2020-10-23T11:51:51+00:00","og_image":[{"url":"https:\/\/becquel.com\/blog\/wp-content\/uploads\/2020\/09\/casa_paneles_solares_alpicat_lleida0683-1160x653.jpg"}],"twitter_card":"summary_large_image","twitter_site":"@becquelenergia","twitter_misc":{"Temps estimat de lectura":"1 minut"},"schema":{"@context":"https:\/\/schema.org","@graph":[{"@type":"WebSite","@id":"https:\/\/becquel.com\/blog\/es\/#website","url":"https:\/\/becquel.com\/blog\/es\/","name":"Todas las noticias de Becquel sobre energ\u00eda solar y renovable en general","description":"Desde Becquel pensamos que una parte esencial de la energ\u00eda solar es estar bien informado; y poder hacer llegar a todos sus beneficios.","potentialAction":[{"@type":"SearchAction","target":{"@type":"EntryPoint","urlTemplate":"https:\/\/becquel.com\/blog\/es\/?s={search_term_string}"},"query-input":"required name=search_term_string"}],"inLanguage":"ca"},{"@type":"ImageObject","@id":"https:\/\/becquel.com\/blog\/es\/faqs-autoconsumo-energetico\/#primaryimage","inLanguage":"ca","url":"https:\/\/i0.wp.com\/becquel.com\/blog\/wp-content\/uploads\/2020\/09\/casa_paneles_solares_alpicat_lleida0683.jpg?fit=1200%2C675&ssl=1","contentUrl":"https:\/\/i0.wp.com\/becquel.com\/blog\/wp-content\/uploads\/2020\/09\/casa_paneles_solares_alpicat_lleida0683.jpg?fit=1200%2C675&ssl=1","width":1200,"height":675},{"@type":"WebPage","@id":"https:\/\/becquel.com\/blog\/es\/faqs-autoconsumo-energetico\/#webpage","url":"https:\/\/becquel.com\/blog\/es\/faqs-autoconsumo-energetico\/","name":"FAQS autoconsumo energ\u00e9tico: Todo lo que necesitamos sabear","isPartOf":{"@id":"https:\/\/becquel.com\/blog\/es\/#website"},"primaryImageOfPage":{"@id":"https:\/\/becquel.com\/blog\/es\/faqs-autoconsumo-energetico\/#primaryimage"},"datePublished":"2020-10-23T09:26:42+00:00","dateModified":"2020-10-23T11:51:51+00:00","description":"Los FAQS autoconsumo energ\u00e9tico es todo lo que necesitamos saber para entender y resolver las dudas sobre el autoconsumo el\u00e9ctrico.","breadcrumb":{"@id":"https:\/\/becquel.com\/blog\/es\/faqs-autoconsumo-energetico\/#breadcrumb"},"inLanguage":"ca","potentialAction":[{"@type":"ReadAction","target":["https:\/\/becquel.com\/blog\/es\/faqs-autoconsumo-energetico\/"]}]},{"@type":"BreadcrumbList","@id":"https:\/\/becquel.com\/blog\/es\/faqs-autoconsumo-energetico\/#breadcrumb","itemListElement":[{"@type":"ListItem","position":1,"name":"Home","item":"https:\/\/becquel.com\/blog\/es\/"},{"@type":"ListItem","position":2,"name":"FAQS del autoconsumo energ\u00e9tico"}]}]}},"amp_enabled":true,"_links":{"self":[{"href":"https:\/\/becquel.com\/blog\/ca\/wp-json\/wp\/v2\/pages\/6035"}],"collection":[{"href":"https:\/\/becquel.com\/blog\/ca\/wp-json\/wp\/v2\/pages"}],"about":[{"href":"https:\/\/becquel.com\/blog\/ca\/wp-json\/wp\/v2\/types\/page"}],"author":[{"embeddable":true,"href":"https:\/\/becquel.com\/blog\/ca\/wp-json\/wp\/v2\/users\/4"}],"replies":[{"embeddable":true,"href":"https:\/\/becquel.com\/blog\/ca\/wp-json\/wp\/v2\/comments?post=6035"}],"version-history":[{"count":10,"href":"https:\/\/becquel.com\/blog\/ca\/wp-json\/wp\/v2\/pages\/6035\/revisions"}],"predecessor-version":[{"id":6048,"href":"https:\/\/becquel.com\/blog\/ca\/wp-json\/wp\/v2\/pages\/6035\/revisions\/6048"}],"wp:attachment":[{"href":"https:\/\/becquel.com\/blog\/ca\/wp-json\/wp\/v2\/media?parent=6035"}],"curies":[{"name":"wp","href":"https:\/\/api.w.org\/{rel}","templated":true}]}}