{"id":4108,"date":"2020-07-10T08:29:55","date_gmt":"2020-07-10T06:29:55","guid":{"rendered":"https:\/\/becquel.com\/blog\/?page_id=4108"},"modified":"2020-10-19T15:38:55","modified_gmt":"2020-10-19T13:38:55","slug":"nuestro-equipo","status":"publish","type":"page","link":"https:\/\/becquel.com\/blog\/ca\/nuestro-equipo\/","title":{"rendered":"El nostre equip"},"content":{"rendered":"<h2 class=\"has-text-align-center\"><strong>UNA PETITA EMPRESA AMB UN ENFOCAMENT GLOBAL<\/strong><\/h2>\n\n\n\n<p class=\"has-text-align-justify has-medium-font-size\">El capital hum\u00e0 \u00e9s el que d\u00f3na car\u00e0cter i personalitat a Becquel. Som una petita empresa que treballa de forma organitzada per tal d'aconseguir el nostre objectiu com\u00fa, que la gent aposti pel canvi a l'energia renovable i acabin satisfets. Un projecte impulsat per les noves generacions i amb molta dedicaci\u00f3 per una causa com\u00fa.<\/p>\n\n\n\n<div class=\"wp-block-image\"><figure class=\"aligncenter size-medium is-resized\"><img loading=\"lazy\" src=\"https:\/\/i0.wp.com\/becquel.com\/blog\/wp-content\/uploads\/2019\/05\/jordig.jpg?resize=200%2C267&#038;ssl=1\" alt=\"Jordi Garcia CEO\" class=\"wp-image-947\" width=\"200\" height=\"267\" srcset=\"https:\/\/i0.wp.com\/becquel.com\/blog\/wp-content\/uploads\/2019\/05\/jordig.jpg?resize=800%2C1067&amp;ssl=1 800w, https:\/\/i0.wp.com\/becquel.com\/blog\/wp-content\/uploads\/2019\/05\/jordig.jpg?resize=1160%2C1547&amp;ssl=1 1160w, https:\/\/i0.wp.com\/becquel.com\/blog\/wp-content\/uploads\/2019\/05\/jordig.jpg?resize=320%2C427&amp;ssl=1 320w, https:\/\/i0.wp.com\/becquel.com\/blog\/wp-content\/uploads\/2019\/05\/jordig.jpg?resize=560%2C747&amp;ssl=1 560w, https:\/\/i0.wp.com\/becquel.com\/blog\/wp-content\/uploads\/2019\/05\/jordig.jpg?w=1500&amp;ssl=1 1500w\" sizes=\"(max-width: 200px) 100vw, 200px\" data-recalc-dims=\"1\" \/><figcaption><strong>JORDI GARCIA<\/strong><br>FUNDADOR I CEO<\/figcaption><\/figure><\/div>\n\n\n\n<div class=\"wp-block-columns\">\n<div class=\"wp-block-column\">\n<div class=\"wp-block-columns\">\n<div class=\"wp-block-column\">\n<div class=\"wp-block-image\"><figure class=\"aligncenter size-medium is-resized\"><img loading=\"lazy\" src=\"https:\/\/i0.wp.com\/becquel.com\/blog\/wp-content\/uploads\/2019\/05\/joel.jpg?resize=200%2C267&#038;ssl=1\" alt=\"joel enginyer industrial\" class=\"wp-image-946\" width=\"200\" height=\"267\" srcset=\"https:\/\/i0.wp.com\/becquel.com\/blog\/wp-content\/uploads\/2019\/05\/joel.jpg?resize=800%2C1067&amp;ssl=1 800w, https:\/\/i0.wp.com\/becquel.com\/blog\/wp-content\/uploads\/2019\/05\/joel.jpg?resize=1160%2C1547&amp;ssl=1 1160w, https:\/\/i0.wp.com\/becquel.com\/blog\/wp-content\/uploads\/2019\/05\/joel.jpg?resize=320%2C427&amp;ssl=1 320w, https:\/\/i0.wp.com\/becquel.com\/blog\/wp-content\/uploads\/2019\/05\/joel.jpg?resize=560%2C747&amp;ssl=1 560w, https:\/\/i0.wp.com\/becquel.com\/blog\/wp-content\/uploads\/2019\/05\/joel.jpg?w=1500&amp;ssl=1 1500w\" sizes=\"(max-width: 200px) 100vw, 200px\" data-recalc-dims=\"1\" \/><figcaption><strong>JOEL ERES<\/strong><br>Enginyer el\u00e8ctric i responsable de l'equip t\u00e8cnic<\/figcaption><\/figure><\/div>\n<\/div>\n\n\n\n<div class=\"wp-block-column\">\n<div class=\"wp-block-image\"><figure class=\"aligncenter size-medium is-resized\"><img loading=\"lazy\" src=\"https:\/\/i0.wp.com\/becquel.com\/blog\/wp-content\/uploads\/2019\/05\/jordim.jpg?resize=200%2C267&#038;ssl=1\" alt=\"jordim inform\u00e0tic\" class=\"wp-image-948\" width=\"200\" height=\"267\" srcset=\"https:\/\/i0.wp.com\/becquel.com\/blog\/wp-content\/uploads\/2019\/05\/jordim.jpg?resize=800%2C1067&amp;ssl=1 800w, https:\/\/i0.wp.com\/becquel.com\/blog\/wp-content\/uploads\/2019\/05\/jordim.jpg?resize=1160%2C1547&amp;ssl=1 1160w, https:\/\/i0.wp.com\/becquel.com\/blog\/wp-content\/uploads\/2019\/05\/jordim.jpg?resize=320%2C427&amp;ssl=1 320w, https:\/\/i0.wp.com\/becquel.com\/blog\/wp-content\/uploads\/2019\/05\/jordim.jpg?resize=560%2C747&amp;ssl=1 560w, https:\/\/i0.wp.com\/becquel.com\/blog\/wp-content\/uploads\/2019\/05\/jordim.jpg?w=1500&amp;ssl=1 1500w\" sizes=\"(max-width: 200px) 100vw, 200px\" data-recalc-dims=\"1\" \/><figcaption><strong>JORDI M\u00c8LICH<\/strong><br>ENGINYER INFORM\u00c0TIC<\/figcaption><\/figure><\/div>\n<\/div>\n<\/div>\n<\/div>\n\n\n\n<div class=\"wp-block-column\">\n<div class=\"wp-block-columns\">\n<div class=\"wp-block-column\">\n<div class=\"wp-block-image\"><figure class=\"aligncenter size-medium is-resized\"><img loading=\"lazy\" src=\"https:\/\/i0.wp.com\/becquel.com\/blog\/wp-content\/uploads\/2019\/05\/carles.jpg?resize=200%2C267&#038;ssl=1\" alt=\"carles marketing\" class=\"wp-image-944\" width=\"200\" height=\"267\" srcset=\"https:\/\/i0.wp.com\/becquel.com\/blog\/wp-content\/uploads\/2019\/05\/carles.jpg?resize=800%2C1067&amp;ssl=1 800w, https:\/\/i0.wp.com\/becquel.com\/blog\/wp-content\/uploads\/2019\/05\/carles.jpg?resize=1160%2C1547&amp;ssl=1 1160w, https:\/\/i0.wp.com\/becquel.com\/blog\/wp-content\/uploads\/2019\/05\/carles.jpg?resize=320%2C427&amp;ssl=1 320w, https:\/\/i0.wp.com\/becquel.com\/blog\/wp-content\/uploads\/2019\/05\/carles.jpg?resize=560%2C747&amp;ssl=1 560w, https:\/\/i0.wp.com\/becquel.com\/blog\/wp-content\/uploads\/2019\/05\/carles.jpg?w=1500&amp;ssl=1 1500w\" sizes=\"(max-width: 200px) 100vw, 200px\" data-recalc-dims=\"1\" \/><figcaption><strong>CARLES RABAD\u00c0<\/strong><br>ENCARREGAT DE MARKETING I COMUNICACI\u00d3<\/figcaption><\/figure><\/div>\n<\/div>\n\n\n\n<div class=\"wp-block-column\">\n<div class=\"wp-block-image\"><figure class=\"aligncenter size-medium is-resized\"><img loading=\"lazy\" src=\"https:\/\/i0.wp.com\/becquel.com\/blog\/wp-content\/uploads\/2020\/07\/IMG_2580.jpeg?resize=200%2C267&#038;ssl=1\" alt=\"\" class=\"wp-image-4217\" width=\"200\" height=\"267\" srcset=\"https:\/\/i0.wp.com\/becquel.com\/blog\/wp-content\/uploads\/2020\/07\/IMG_2580-scaled.jpeg?resize=800%2C1068&amp;ssl=1 800w, https:\/\/i0.wp.com\/becquel.com\/blog\/wp-content\/uploads\/2020\/07\/IMG_2580-scaled.jpeg?resize=1160%2C1549&amp;ssl=1 1160w, https:\/\/i0.wp.com\/becquel.com\/blog\/wp-content\/uploads\/2020\/07\/IMG_2580-scaled.jpeg?resize=1150%2C1536&amp;ssl=1 1150w, https:\/\/i0.wp.com\/becquel.com\/blog\/wp-content\/uploads\/2020\/07\/IMG_2580-scaled.jpeg?resize=1534%2C2048&amp;ssl=1 1534w, https:\/\/i0.wp.com\/becquel.com\/blog\/wp-content\/uploads\/2020\/07\/IMG_2580-scaled.jpeg?resize=320%2C427&amp;ssl=1 320w, https:\/\/i0.wp.com\/becquel.com\/blog\/wp-content\/uploads\/2020\/07\/IMG_2580-scaled.jpeg?resize=560%2C747&amp;ssl=1 560w, https:\/\/i0.wp.com\/becquel.com\/blog\/wp-content\/uploads\/2020\/07\/IMG_2580-scaled.jpeg?resize=1920%2C2564&amp;ssl=1 1920w, https:\/\/i0.wp.com\/becquel.com\/blog\/wp-content\/uploads\/2020\/07\/IMG_2580-scaled.jpeg?w=1917&amp;ssl=1 1917w\" sizes=\"(max-width: 200px) 100vw, 200px\" data-recalc-dims=\"1\" \/><figcaption><strong>SISCO BUENESTADO<\/strong><br>SECCI\u00d3 COMPTABLE, FINANCERA I FISCAL<\/figcaption><\/figure><\/div>\n<\/div>\n<\/div>\n<\/div>\n<\/div>\n\n\n\n<div class=\"wp-block-columns\">\n<div class=\"wp-block-column\">\n<div class=\"wp-block-columns\">\n<div class=\"wp-block-column\">\n<div class=\"wp-block-image\"><figure class=\"aligncenter size-medium is-resized\"><img loading=\"lazy\" src=\"https:\/\/i0.wp.com\/becquel.com\/blog\/wp-content\/uploads\/2019\/05\/jhair.jpg?resize=200%2C267&#038;ssl=1\" alt=\"\" class=\"wp-image-945\" width=\"200\" height=\"267\" srcset=\"https:\/\/i0.wp.com\/becquel.com\/blog\/wp-content\/uploads\/2019\/05\/jhair.jpg?resize=800%2C1067&amp;ssl=1 800w, https:\/\/i0.wp.com\/becquel.com\/blog\/wp-content\/uploads\/2019\/05\/jhair.jpg?resize=1160%2C1547&amp;ssl=1 1160w, https:\/\/i0.wp.com\/becquel.com\/blog\/wp-content\/uploads\/2019\/05\/jhair.jpg?resize=320%2C427&amp;ssl=1 320w, https:\/\/i0.wp.com\/becquel.com\/blog\/wp-content\/uploads\/2019\/05\/jhair.jpg?resize=560%2C747&amp;ssl=1 560w, https:\/\/i0.wp.com\/becquel.com\/blog\/wp-content\/uploads\/2019\/05\/jhair.jpg?w=1500&amp;ssl=1 1500w\" sizes=\"(max-width: 200px) 100vw, 200px\" data-recalc-dims=\"1\" \/><figcaption><strong>JHAIR CASTELLANOS<\/strong><br>INSTAL\u00b7LADOR<\/figcaption><\/figure><\/div>\n<\/div>\n\n\n\n<div class=\"wp-block-column\">\n<div class=\"wp-block-image\"><figure class=\"aligncenter size-large\"><img loading=\"lazy\" width=\"512\" height=\"512\" src=\"https:\/\/i0.wp.com\/becquel.com\/blog\/wp-content\/uploads\/2020\/07\/USUARI.png?resize=512%2C512&#038;ssl=1\" alt=\"\" class=\"wp-image-4114\" srcset=\"https:\/\/i0.wp.com\/becquel.com\/blog\/wp-content\/uploads\/2020\/07\/USUARI.png?w=512&amp;ssl=1 512w, https:\/\/i0.wp.com\/becquel.com\/blog\/wp-content\/uploads\/2020\/07\/USUARI.png?resize=320%2C320&amp;ssl=1 320w, https:\/\/i0.wp.com\/becquel.com\/blog\/wp-content\/uploads\/2020\/07\/USUARI.png?resize=90%2C90&amp;ssl=1 90w, https:\/\/i0.wp.com\/becquel.com\/blog\/wp-content\/uploads\/2020\/07\/USUARI.png?resize=24%2C24&amp;ssl=1 24w, https:\/\/i0.wp.com\/becquel.com\/blog\/wp-content\/uploads\/2020\/07\/USUARI.png?resize=48%2C48&amp;ssl=1 48w, https:\/\/i0.wp.com\/becquel.com\/blog\/wp-content\/uploads\/2020\/07\/USUARI.png?resize=96%2C96&amp;ssl=1 96w, https:\/\/i0.wp.com\/becquel.com\/blog\/wp-content\/uploads\/2020\/07\/USUARI.png?resize=150%2C150&amp;ssl=1 150w, https:\/\/i0.wp.com\/becquel.com\/blog\/wp-content\/uploads\/2020\/07\/USUARI.png?resize=300%2C300&amp;ssl=1 300w\" sizes=\"(max-width: 512px) 100vw, 512px\" data-recalc-dims=\"1\" \/><figcaption><strong>MOUNIR NAMROUDI<\/strong><br>INSTAL\u00b7LADOR<\/figcaption><\/figure><\/div>\n<\/div>\n<\/div>\n<\/div>\n\n\n\n<div class=\"wp-block-column\">\n<div class=\"wp-block-columns\">\n<div class=\"wp-block-column\">\n<div class=\"wp-block-image\"><figure class=\"aligncenter size-medium is-resized\"><img loading=\"lazy\" src=\"https:\/\/i0.wp.com\/becquel.com\/blog\/wp-content\/uploads\/2020\/07\/IMG_2573.jpg?resize=200%2C268&#038;ssl=1\" alt=\"\" class=\"wp-image-4225\" width=\"200\" height=\"268\" srcset=\"https:\/\/i0.wp.com\/becquel.com\/blog\/wp-content\/uploads\/2020\/07\/IMG_2573-scaled.jpg?resize=800%2C1070&amp;ssl=1 800w, https:\/\/i0.wp.com\/becquel.com\/blog\/wp-content\/uploads\/2020\/07\/IMG_2573-scaled.jpg?resize=1160%2C1551&amp;ssl=1 1160w, https:\/\/i0.wp.com\/becquel.com\/blog\/wp-content\/uploads\/2020\/07\/IMG_2573-scaled.jpg?resize=1148%2C1536&amp;ssl=1 1148w, https:\/\/i0.wp.com\/becquel.com\/blog\/wp-content\/uploads\/2020\/07\/IMG_2573-scaled.jpg?resize=1531%2C2048&amp;ssl=1 1531w, https:\/\/i0.wp.com\/becquel.com\/blog\/wp-content\/uploads\/2020\/07\/IMG_2573-scaled.jpg?resize=320%2C427&amp;ssl=1 320w, https:\/\/i0.wp.com\/becquel.com\/blog\/wp-content\/uploads\/2020\/07\/IMG_2573-scaled.jpg?resize=560%2C747&amp;ssl=1 560w, https:\/\/i0.wp.com\/becquel.com\/blog\/wp-content\/uploads\/2020\/07\/IMG_2573-scaled.jpg?resize=1920%2C2568&amp;ssl=1 1920w, https:\/\/i0.wp.com\/becquel.com\/blog\/wp-content\/uploads\/2020\/07\/IMG_2573-scaled.jpg?w=1914&amp;ssl=1 1914w\" sizes=\"(max-width: 200px) 100vw, 200px\" data-recalc-dims=\"1\" \/><figcaption><strong>ALEIX TENA<\/strong><br>INSTAL\u00b7LADOR<\/figcaption><\/figure><\/div>\n<\/div>\n\n\n\n<div class=\"wp-block-column\">\n<div class=\"wp-block-image\"><figure class=\"aligncenter size-medium is-resized\"><img loading=\"lazy\" src=\"https:\/\/i0.wp.com\/becquel.com\/blog\/wp-content\/uploads\/2020\/07\/IMG_2576.jpeg?resize=200%2C268&#038;ssl=1\" alt=\"\" class=\"wp-image-4219\" width=\"200\" height=\"268\" srcset=\"https:\/\/i0.wp.com\/becquel.com\/blog\/wp-content\/uploads\/2020\/07\/IMG_2576-scaled.jpeg?resize=800%2C1071&amp;ssl=1 800w, https:\/\/i0.wp.com\/becquel.com\/blog\/wp-content\/uploads\/2020\/07\/IMG_2576-scaled.jpeg?resize=1160%2C1553&amp;ssl=1 1160w, https:\/\/i0.wp.com\/becquel.com\/blog\/wp-content\/uploads\/2020\/07\/IMG_2576-scaled.jpeg?resize=1147%2C1536&amp;ssl=1 1147w, https:\/\/i0.wp.com\/becquel.com\/blog\/wp-content\/uploads\/2020\/07\/IMG_2576-scaled.jpeg?resize=1529%2C2048&amp;ssl=1 1529w, https:\/\/i0.wp.com\/becquel.com\/blog\/wp-content\/uploads\/2020\/07\/IMG_2576-scaled.jpeg?resize=320%2C427&amp;ssl=1 320w, https:\/\/i0.wp.com\/becquel.com\/blog\/wp-content\/uploads\/2020\/07\/IMG_2576-scaled.jpeg?resize=560%2C747&amp;ssl=1 560w, https:\/\/i0.wp.com\/becquel.com\/blog\/wp-content\/uploads\/2020\/07\/IMG_2576-scaled.jpeg?resize=1920%2C2571&amp;ssl=1 1920w, https:\/\/i0.wp.com\/becquel.com\/blog\/wp-content\/uploads\/2020\/07\/IMG_2576-scaled.jpeg?w=1912&amp;ssl=1 1912w\" sizes=\"(max-width: 200px) 100vw, 200px\" data-recalc-dims=\"1\" \/><figcaption><strong>ADIL AZIRAR<\/strong><br>INSTAL\u00b7LADOR<\/figcaption><\/figure><\/div>\n<\/div>\n<\/div>\n<\/div>\n<\/div>\n\n\n\n<div class=\"wp-block-columns\">\n<div class=\"wp-block-column\"><\/div>\n\n\n\n<div class=\"wp-block-column\">\n<div class=\"wp-container-1 wp-block-buttons\">\n<div class=\"wp-block-button\"><a class=\"wp-block-button__link has-background\" href=\"https:\/\/becquel.com\/blog\/ca\/envianos-tu-cv\/\" style=\"background:linear-gradient(343deg,rgba(252,185,0,1) 26%,rgba(255,105,0,1) 100%)\" target=\"_blank\" rel=\"noreferrer noopener\">TREBALLA AMB NOSALTRES!<\/a><\/div>\n<\/div>\n<\/div>\n\n\n\n<div class=\"wp-block-column\"><\/div>\n<\/div>\n\n\n\n<p><\/p>","protected":false},"excerpt":{"rendered":"<div class=\"post-excerpt\">UNA PEQUE\u00d1A EMPRESA CON UN ENFOQUE GLOBAL El capital humano es lo que da car\u00e1cter y personalidad a Becquel. Somos una peque\u00f1a empresa que trabaja de forma organizada para conseguir&hellip;<\/div>\n<div class=\"post-more\"><a href=\"https:\/\/becquel.com\/blog\/ca\/nuestro-equipo\/\" class=\"button button-primary button-effect\"><span>M\u00e9s informaci\u00f3<\/span><span><i class=\"cs-icon cs-icon-arrow-right\"><\/i><\/span><\/a><\/div>","protected":false},"author":7,"featured_media":4227,"parent":0,"menu_order":0,"comment_status":"closed","ping_status":"closed","template":"","meta":{"spay_email":""},"yoast_head":"<!-- This site is optimized with the Yoast SEO plugin v18.6 - https:\/\/yoast.com\/wordpress\/plugins\/seo\/ -->\n<title>Becquel &bull; Nuestro equipo &bull; Capital humano de nuestra empresa<\/title>\n<meta name=\"description\" content=\"Somos una peque\u00f1a empresa con un enfoque global, el cual ser\u00eda conseguir que cada vez m\u00e1s gente decida hacer el cambio hacia la energ\u00eda renovable.\" \/>\n<meta name=\"robots\" content=\"index, follow, max-snippet:-1, max-image-preview:large, max-video-preview:-1\" \/>\n<link rel=\"canonical\" href=\"https:\/\/becquel.com\/blog\/ca\/nuestro-equipo\/\" \/>\n<meta property=\"og:locale\" content=\"ca_ES\" \/>\n<meta property=\"og:type\" content=\"article\" \/>\n<meta property=\"og:title\" content=\"Becquel &bull; Nuestro equipo &bull; Capital humano de nuestra empresa\" \/>\n<meta property=\"og:description\" content=\"Somos una peque\u00f1a empresa con un enfoque global, el cual ser\u00eda conseguir que cada vez m\u00e1s gente decida hacer el cambio hacia la energ\u00eda renovable.\" \/>\n<meta property=\"og:url\" content=\"https:\/\/becquel.com\/blog\/ca\/nuestro-equipo\/\" \/>\n<meta property=\"og:site_name\" content=\"Todas las noticias de Becquel sobre energ\u00eda solar y renovable en general\" \/>\n<meta property=\"article:publisher\" content=\"https:\/\/www.facebook.com\/becquelER\/\" \/>\n<meta property=\"article:modified_time\" content=\"2020-10-19T13:38:55+00:00\" \/>\n<meta property=\"og:image\" content=\"https:\/\/i2.wp.com\/becquel.com\/blog\/wp-content\/uploads\/2020\/07\/oficines-becquel-scaled.jpeg?fit=2560%2C1707&#038;ssl=1\" \/>\n\t<meta property=\"og:image:width\" content=\"2560\" \/>\n\t<meta property=\"og:image:height\" content=\"1707\" \/>\n\t<meta property=\"og:image:type\" content=\"image\/jpeg\" \/>\n<meta name=\"twitter:card\" content=\"summary_large_image\" \/>\n<meta name=\"twitter:site\" content=\"@becquelenergia\" \/>\n<meta name=\"twitter:label1\" content=\"Temps estimat de lectura\" \/>\n\t<meta name=\"twitter:data1\" content=\"1 minut\" \/>\n<script type=\"application\/ld+json\" class=\"yoast-schema-graph\">{\"@context\":\"https:\/\/schema.org\",\"@graph\":[{\"@type\":\"WebSite\",\"@id\":\"https:\/\/becquel.com\/blog\/es\/#website\",\"url\":\"https:\/\/becquel.com\/blog\/es\/\",\"name\":\"Todas las noticias de Becquel sobre energ\u00eda solar y renovable en general\",\"description\":\"Desde Becquel pensamos que una parte esencial de la energ\u00eda solar es estar bien informado; y poder hacer llegar a todos sus beneficios.\",\"potentialAction\":[{\"@type\":\"SearchAction\",\"target\":{\"@type\":\"EntryPoint\",\"urlTemplate\":\"https:\/\/becquel.com\/blog\/es\/?s={search_term_string}\"},\"query-input\":\"required name=search_term_string\"}],\"inLanguage\":\"ca\"},{\"@type\":\"ImageObject\",\"@id\":\"https:\/\/becquel.com\/blog\/es\/nuestro-equipo\/#primaryimage\",\"inLanguage\":\"ca\",\"url\":\"https:\/\/i0.wp.com\/becquel.com\/blog\/wp-content\/uploads\/2020\/07\/oficines-becquel-scaled.jpeg?fit=2560%2C1707&ssl=1\",\"contentUrl\":\"https:\/\/i0.wp.com\/becquel.com\/blog\/wp-content\/uploads\/2020\/07\/oficines-becquel-scaled.jpeg?fit=2560%2C1707&ssl=1\",\"width\":2560,\"height\":1707,\"caption\":\"enfoque global\"},{\"@type\":\"WebPage\",\"@id\":\"https:\/\/becquel.com\/blog\/es\/nuestro-equipo\/#webpage\",\"url\":\"https:\/\/becquel.com\/blog\/es\/nuestro-equipo\/\",\"name\":\"Becquel &bull; Nuestro equipo &bull; Capital humano de nuestra empresa\",\"isPartOf\":{\"@id\":\"https:\/\/becquel.com\/blog\/es\/#website\"},\"primaryImageOfPage\":{\"@id\":\"https:\/\/becquel.com\/blog\/es\/nuestro-equipo\/#primaryimage\"},\"datePublished\":\"2020-07-10T06:29:55+00:00\",\"dateModified\":\"2020-10-19T13:38:55+00:00\",\"description\":\"Somos una peque\u00f1a empresa con un enfoque global, el cual ser\u00eda conseguir que cada vez m\u00e1s gente decida hacer el cambio hacia la energ\u00eda renovable.\",\"breadcrumb\":{\"@id\":\"https:\/\/becquel.com\/blog\/es\/nuestro-equipo\/#breadcrumb\"},\"inLanguage\":\"ca\",\"potentialAction\":[{\"@type\":\"ReadAction\",\"target\":[\"https:\/\/becquel.com\/blog\/es\/nuestro-equipo\/\"]}]},{\"@type\":\"BreadcrumbList\",\"@id\":\"https:\/\/becquel.com\/blog\/es\/nuestro-equipo\/#breadcrumb\",\"itemListElement\":[{\"@type\":\"ListItem\",\"position\":1,\"name\":\"Home\",\"item\":\"https:\/\/becquel.com\/blog\/es\/\"},{\"@type\":\"ListItem\",\"position\":2,\"name\":\"Nuestro equipo\"}]}]}<\/script>\n<!-- \/ Yoast SEO plugin. -->","yoast_head_json":{"title":"Becquel &bull; Nuestro equipo &bull; Capital humano de nuestra empresa","description":"Somos una peque\u00f1a empresa con un enfoque global, el cual ser\u00eda conseguir que cada vez m\u00e1s gente decida hacer el cambio hacia la energ\u00eda renovable.","robots":{"index":"index","follow":"follow","max-snippet":"max-snippet:-1","max-image-preview":"max-image-preview:large","max-video-preview":"max-video-preview:-1"},"canonical":"https:\/\/becquel.com\/blog\/ca\/nuestro-equipo\/","og_locale":"ca_ES","og_type":"article","og_title":"Becquel &bull; Nuestro equipo &bull; Capital humano de nuestra empresa","og_description":"Somos una peque\u00f1a empresa con un enfoque global, el cual ser\u00eda conseguir que cada vez m\u00e1s gente decida hacer el cambio hacia la energ\u00eda renovable.","og_url":"https:\/\/becquel.com\/blog\/ca\/nuestro-equipo\/","og_site_name":"Todas las noticias de Becquel sobre energ\u00eda solar y renovable en general","article_publisher":"https:\/\/www.facebook.com\/becquelER\/","article_modified_time":"2020-10-19T13:38:55+00:00","og_image":[{"width":2560,"height":1707,"url":"https:\/\/i2.wp.com\/becquel.com\/blog\/wp-content\/uploads\/2020\/07\/oficines-becquel-scaled.jpeg?fit=2560%2C1707&ssl=1","type":"image\/jpeg"}],"twitter_card":"summary_large_image","twitter_site":"@becquelenergia","twitter_misc":{"Temps estimat de lectura":"1 minut"},"schema":{"@context":"https:\/\/schema.org","@graph":[{"@type":"WebSite","@id":"https:\/\/becquel.com\/blog\/es\/#website","url":"https:\/\/becquel.com\/blog\/es\/","name":"Todas las noticias de Becquel sobre energ\u00eda solar y renovable en general","description":"Desde Becquel pensamos que una parte esencial de la energ\u00eda solar es estar bien informado; y poder hacer llegar a todos sus beneficios.","potentialAction":[{"@type":"SearchAction","target":{"@type":"EntryPoint","urlTemplate":"https:\/\/becquel.com\/blog\/es\/?s={search_term_string}"},"query-input":"required name=search_term_string"}],"inLanguage":"ca"},{"@type":"ImageObject","@id":"https:\/\/becquel.com\/blog\/es\/nuestro-equipo\/#primaryimage","inLanguage":"ca","url":"https:\/\/i0.wp.com\/becquel.com\/blog\/wp-content\/uploads\/2020\/07\/oficines-becquel-scaled.jpeg?fit=2560%2C1707&ssl=1","contentUrl":"https:\/\/i0.wp.com\/becquel.com\/blog\/wp-content\/uploads\/2020\/07\/oficines-becquel-scaled.jpeg?fit=2560%2C1707&ssl=1","width":2560,"height":1707,"caption":"enfoque global"},{"@type":"WebPage","@id":"https:\/\/becquel.com\/blog\/es\/nuestro-equipo\/#webpage","url":"https:\/\/becquel.com\/blog\/es\/nuestro-equipo\/","name":"Becquel &bull; Nuestro equipo &bull; Capital humano de nuestra empresa","isPartOf":{"@id":"https:\/\/becquel.com\/blog\/es\/#website"},"primaryImageOfPage":{"@id":"https:\/\/becquel.com\/blog\/es\/nuestro-equipo\/#primaryimage"},"datePublished":"2020-07-10T06:29:55+00:00","dateModified":"2020-10-19T13:38:55+00:00","description":"Somos una peque\u00f1a empresa con un enfoque global, el cual ser\u00eda conseguir que cada vez m\u00e1s gente decida hacer el cambio hacia la energ\u00eda renovable.","breadcrumb":{"@id":"https:\/\/becquel.com\/blog\/es\/nuestro-equipo\/#breadcrumb"},"inLanguage":"ca","potentialAction":[{"@type":"ReadAction","target":["https:\/\/becquel.com\/blog\/es\/nuestro-equipo\/"]}]},{"@type":"BreadcrumbList","@id":"https:\/\/becquel.com\/blog\/es\/nuestro-equipo\/#breadcrumb","itemListElement":[{"@type":"ListItem","position":1,"name":"Home","item":"https:\/\/becquel.com\/blog\/es\/"},{"@type":"ListItem","position":2,"name":"Nuestro equipo"}]}]}},"amp_enabled":true,"_links":{"self":[{"href":"https:\/\/becquel.com\/blog\/ca\/wp-json\/wp\/v2\/pages\/4108"}],"collection":[{"href":"https:\/\/becquel.com\/blog\/ca\/wp-json\/wp\/v2\/pages"}],"about":[{"href":"https:\/\/becquel.com\/blog\/ca\/wp-json\/wp\/v2\/types\/page"}],"author":[{"embeddable":true,"href":"https:\/\/becquel.com\/blog\/ca\/wp-json\/wp\/v2\/users\/7"}],"replies":[{"embeddable":true,"href":"https:\/\/becquel.com\/blog\/ca\/wp-json\/wp\/v2\/comments?post=4108"}],"version-history":[{"count":13,"href":"https:\/\/becquel.com\/blog\/ca\/wp-json\/wp\/v2\/pages\/4108\/revisions"}],"predecessor-version":[{"id":6003,"href":"https:\/\/becquel.com\/blog\/ca\/wp-json\/wp\/v2\/pages\/4108\/revisions\/6003"}],"wp:featuredmedia":[{"embeddable":true,"href":"https:\/\/becquel.com\/blog\/ca\/wp-json\/wp\/v2\/media\/4227"}],"wp:attachment":[{"href":"https:\/\/becquel.com\/blog\/ca\/wp-json\/wp\/v2\/media?parent=4108"}],"curies":[{"name":"wp","href":"https:\/\/api.w.org\/{rel}","templated":true}]}}